{"id":98,"date":"2025-04-25T17:35:50","date_gmt":"2025-04-25T15:35:50","guid":{"rendered":"https:\/\/mathe123.de\/?page_id=98"},"modified":"2025-04-25T17:43:41","modified_gmt":"2025-04-25T15:43:41","slug":"mathe-snack-2-49-fit-mit-dem-kleinen-einmalseins-heute-dezimalzahlen","status":"publish","type":"page","link":"https:\/\/mathe123.de\/index.php\/mathe-snack-2-49-fit-mit-dem-kleinen-einmalseins-heute-dezimalzahlen\/","title":{"rendered":"Mathe-Snack 2\/49 Fit mit dem Kleinen Einmalseins, heute: Dezimalzahlen"},"content":{"rendered":"\n<p>Das Kleine Einmaleins sitzt noch nicht richtig? Und die Dezimalzahlen, mit dem Komma-Ged\u00f6ns, auch noch nicht? \u00dcbe jetzt beides, das kannst du mit <a href=\"https:\/\/schlau.app\/\">schlau.app<\/a> prima machen. Zum Aufw\u00e4rmen ein Puzzle:<\/p>\n\n\n\n<figure class=\"wp-block-image size-full\"><img loading=\"lazy\" decoding=\"async\" width=\"800\" height=\"450\" src=\"https:\/\/mathe123.de\/wp-content\/uploads\/2025\/04\/image-1.jpeg\" alt=\"\" class=\"wp-image-99\" srcset=\"https:\/\/mathe123.de\/wp-content\/uploads\/2025\/04\/image-1.jpeg 800w, https:\/\/mathe123.de\/wp-content\/uploads\/2025\/04\/image-1-300x169.jpeg 300w, https:\/\/mathe123.de\/wp-content\/uploads\/2025\/04\/image-1-768x432.jpeg 768w\" sizes=\"auto, (max-width: 800px) 100vw, 800px\" \/><\/figure>\n\n\n\n<p><strong>11 Minuten Workout<\/strong><\/p>\n\n\n\n<ul class=\"wp-block-list\">\n<li>5 min: Erst das normale Einmaleins. <a href=\"https:\/\/schlau.app\/?atype=times\" target=\"_blank\" rel=\"noreferrer noopener\">https:\/\/schlau.app\/?atype=times<\/a> w\u00e4hle Plain Vanilla. Finde heraus, bei welchen Aufgaben du noch z\u00f6gerst.<\/li>\n\n\n\n<li>5 min: W\u00e4hle 0,1 * 0,001 &#8230; Kannst du das Komma immer richtig setzen?<\/li>\n\n\n\n<li>1 min: L\u00f6se diese Basisaufgabe:<\/li>\n<\/ul>\n\n\n\n<figure class=\"wp-block-image aligncenter size-full\"><img loading=\"lazy\" decoding=\"async\" width=\"686\" height=\"264\" src=\"https:\/\/mathe123.de\/wp-content\/uploads\/2025\/04\/image-1.png\" alt=\"\" class=\"wp-image-100\" srcset=\"https:\/\/mathe123.de\/wp-content\/uploads\/2025\/04\/image-1.png 686w, https:\/\/mathe123.de\/wp-content\/uploads\/2025\/04\/image-1-300x115.png 300w\" sizes=\"auto, (max-width: 686px) 100vw, 686px\" \/><\/figure>\n","protected":false},"excerpt":{"rendered":"<p>Das Kleine Einmaleins sitzt noch nicht richtig? Und die Dezimalzahlen, mit dem Komma-Ged\u00f6ns, auch noch nicht? \u00dcbe jetzt beides, das kannst du mit schlau.app prima machen. Zum Aufw\u00e4rmen ein Puzzle: 11 Minuten Workout<\/p>\n","protected":false},"author":1,"featured_media":0,"parent":0,"menu_order":0,"comment_status":"closed","ping_status":"closed","template":"","meta":{"footnotes":""},"categories":[],"tags":[],"class_list":["post-98","page","type-page","status-publish","hentry"],"blocksy_meta":[],"_links":{"self":[{"href":"https:\/\/mathe123.de\/index.php\/wp-json\/wp\/v2\/pages\/98","targetHints":{"allow":["GET"]}}],"collection":[{"href":"https:\/\/mathe123.de\/index.php\/wp-json\/wp\/v2\/pages"}],"about":[{"href":"https:\/\/mathe123.de\/index.php\/wp-json\/wp\/v2\/types\/page"}],"author":[{"embeddable":true,"href":"https:\/\/mathe123.de\/index.php\/wp-json\/wp\/v2\/users\/1"}],"replies":[{"embeddable":true,"href":"https:\/\/mathe123.de\/index.php\/wp-json\/wp\/v2\/comments?post=98"}],"version-history":[{"count":2,"href":"https:\/\/mathe123.de\/index.php\/wp-json\/wp\/v2\/pages\/98\/revisions"}],"predecessor-version":[{"id":103,"href":"https:\/\/mathe123.de\/index.php\/wp-json\/wp\/v2\/pages\/98\/revisions\/103"}],"wp:attachment":[{"href":"https:\/\/mathe123.de\/index.php\/wp-json\/wp\/v2\/media?parent=98"}],"wp:term":[{"taxonomy":"category","embeddable":true,"href":"https:\/\/mathe123.de\/index.php\/wp-json\/wp\/v2\/categories?post=98"},{"taxonomy":"post_tag","embeddable":true,"href":"https:\/\/mathe123.de\/index.php\/wp-json\/wp\/v2\/tags?post=98"}],"curies":[{"name":"wp","href":"https:\/\/api.w.org\/{rel}","templated":true}]}}