{"id":82,"date":"2025-04-25T15:58:40","date_gmt":"2025-04-25T13:58:40","guid":{"rendered":"https:\/\/mathe123.de\/?page_id=82"},"modified":"2025-05-12T10:05:35","modified_gmt":"2025-05-12T08:05:35","slug":"mathe-snacks","status":"publish","type":"page","link":"https:\/\/mathe123.de\/index.php\/mathe-snacks\/","title":{"rendered":"Mathe-Snacks"},"content":{"rendered":"\n<p><a href=\"https:\/\/mathe123.de\/index.php\/mathe-snack-1-49-das-gleichschenklige-dreieck-und-das-wunder-des-basiswinkels\/\" data-type=\"page\" data-id=\"78\">Mathe-Snack 1\/49<\/a> Das gleichschenklige Dreieck und das Wunder des Basiswinkels<\/p>\n\n\n\n<p><a href=\"https:\/\/mathe123.de\/index.php\/mathe-snack-2-49-fit-mit-dem-kleinen-einmalseins-heute-dezimalzahlen\/\" data-type=\"page\" data-id=\"98\">Mathe-Snack 2\/49<\/a> Fit mit dem Kleinen Einmalseins, heute: Dezimalzahlen<\/p>\n\n\n\n<p><a href=\"https:\/\/mathe123.de\/index.php\/mathe-snack-3-49-drei-grundlegende-basisaufgaben\/\" data-type=\"page\" data-id=\"105\">Mathe-Snack 3\/49<\/a> Drei grundlegende Basisaufgaben<\/p>\n\n\n\n<p><a href=\"https:\/\/mathe123.de\/index.php\/mathe-snack-4-49-umfang-3-korper-glucksrad\/\" data-type=\"page\" data-id=\"113\">Mathe-Snack 4\/49<\/a> Umfang &#8211; 3 K\u00f6rper &#8211; Gl\u00fccksrad<\/p>\n\n\n\n<p><a href=\"https:\/\/mathe123.de\/index.php\/mathe-snack-5-49-drei-ganz-typische-basisaufgaben\/\" data-type=\"page\" data-id=\"121\">Mathe-Snack 5\/49 <\/a> Drei ganz typische Basisaufgaben: Gleichung, Mittelwert, Dreisatz<\/p>\n\n\n\n<p><a href=\"http:\/\/Mathe-Snack 6\/49 - Rund um den Kreis\">Mathe-Snack 6\/49<\/a> Rund um den Kreis<\/p>\n\n\n\n<p><a href=\"https:\/\/mathe123.de\/index.php\/mathe-snack-7-49-zwei-basisaufgaben-prozent-und-glucksrad-was-haben-sie-gemeinsam\/\" data-type=\"page\" data-id=\"132\">Mathe-Snack 7\/49<\/a> Zwei Basisaufgaben: Prozent und Gl\u00fccksrad &#8211; was haben sie gemeinsam?<\/p>\n\n\n\n<p><a href=\"https:\/\/mathe123.de\/index.php\/mathe-snack-8-49-kreis-mit-dreieck-ein-klassiker-wertvolles-grundlagenwissen\/\" data-type=\"page\" data-id=\"135\">Mathe-Snack 8\/49<\/a> Kreis mit Dreieck &#8211; ein Klassiker, wertvolles Grundlagenwissen<\/p>\n\n\n\n<p><a href=\"https:\/\/mathe123.de\/index.php\/mathe-snack-9-49-bruchrechnen-fang-mit-diesem-video-an\/\" data-type=\"page\" data-id=\"139\">Mathe-Snack 9\/49<\/a> Bruchrechnen &#8211; fang mit diesem Video an<\/p>\n\n\n\n<p><a href=\"https:\/\/mathe123.de\/index.php\/mathe-snack-10-49-langen-und-flachenmase-durchdenken-und-uben\/\" data-type=\"page\" data-id=\"145\">Mathe-Snack 10\/49<\/a> L\u00e4ngen- und Fl\u00e4chenma\u00dfe durchdenken und \u00fcben<\/p>\n\n\n\n<p><a href=\"https:\/\/mathe123.de\/index.php\/mathe-snack-11-49-thema-dreisatz-mit-benzin-pro-100-km-etc-und-histogramm\/\" data-type=\"page\" data-id=\"147\">Mathe-Snack 11\/49<\/a> Thema Dreisatz mit Benzin pro 100 km etc. und Graph finden<\/p>\n\n\n\n<p><a href=\"https:\/\/mathe123.de\/index.php\/mathe-snack-12-49-tiere-auf-dem-bauernhof\/\" data-type=\"page\" data-id=\"154\">Mathe-Snack 12\/49<\/a> Tiere auf dem Bauernhof<\/p>\n\n\n\n<p><a href=\"https:\/\/mathe123.de\/index.php\/mathe-snack-13-49-schnellkurs-bruchrechnen-diese-basis-bruche-auswendig-lernen\/\" data-type=\"page\" data-id=\"160\">Mathe-Snack 13\/49<\/a> Schnellkurs Bruchrechnen: diese Basis-Br\u00fcche auswendig lernen!<\/p>\n\n\n\n<p><a href=\"https:\/\/mathe123.de\/index.php\/mathe-snack-14-49-basisaufgaben-vom-bbr-2023-gute-rechteck-nachdenkaufgabe\/\" data-type=\"page\" data-id=\"164\">Mathe-Snack 14\/49<\/a> Basisaufgaben vom BBR 2023 &#8211; gute Rechteck-Nachdenkaufgabe<\/p>\n\n\n\n<p><a href=\"https:\/\/mathe123.de\/index.php\/mathe-snack-15-49-und-noch-eine-glucksrad-aufgabe\/\" data-type=\"page\" data-id=\"169\">Mathe-Snack 15\/49<\/a> Und noch eine Gl\u00fccksrad-Aufgabe<\/p>\n\n\n\n<p><a href=\"https:\/\/mathe123.de\/index.php\/mathe-snack-16-49-beispiel-baumdiagramm-mit-schoko-mit-video-losung\/\" data-type=\"page\" data-id=\"174\">Mathe-Snack 16\/49<\/a> Beispiel-Baumdiagramm mit Schoko, mit Video-L\u00f6sung<\/p>\n\n\n\n<p><a href=\"https:\/\/mathe123.de\/index.php\/mathe-snack-17-49-zinsen\/\" data-type=\"page\" data-id=\"178\">Mathe-Snack 17\/49<\/a> Zinsen<\/p>\n\n\n\n<p><a href=\"https:\/\/mathe123.de\/index.php\/mathe-snack-18-49-toller-punkte-bringer-sachverhalte-sprachlich-und-in-diagrammen-ausdrucken\/\" data-type=\"page\" data-id=\"181\">Mathe-Snack 18\/49<\/a> Toller Punkte-Bringer! Sachverhalte sprachlich und in Diagrammen ausdr\u00fccken.<\/p>\n\n\n\n<p><a href=\"https:\/\/mathe123.de\/index.php\/mathe-snack-19-49-mit-zeiten-rechnen-zeiten-umrechnen-minuten-stunden\/\" data-type=\"page\" data-id=\"185\">Mathe-Snack 19\/49<\/a> Mit Zeiten rechnen, Zeiten umrechnen, Minuten, Stunden<\/p>\n\n\n\n<p><a href=\"https:\/\/mathe123.de\/index.php\/mathe-snack-20-49-groser-fernseher-zinsen-diagonale-sitzabstand\/\" data-type=\"page\" data-id=\"189\">Mathe-Snack 20\/49<\/a> Gro\u00dfer Fernseher, Zinsen, Diagonale, Sitzabstand<\/p>\n\n\n\n<p><a href=\"https:\/\/mathe123.de\/index.php\/mathe-snack-21-49-typische-baumdigramm-probleme\/\" data-type=\"page\" data-id=\"194\">Mathe-Snack 21\/49<\/a> Typische Baumdigramm-Probleme<\/p>\n\n\n\n<p><a href=\"https:\/\/mathe123.de\/index.php\/mathe-snack-22-49-diese-2-punkte-sicher-holen-mit-strategie-ube-die-varianten\/\" data-type=\"page\" data-id=\"200\">Mathe-Snack 22\/49<\/a> Diese 2 Punkte sicher holen mit Strategie! \u00dcbe die Varianten!<\/p>\n\n\n\n<p><a href=\"https:\/\/mathe123.de\/index.php\/mathe-snack-23-49-heute-gibt-es-nudeln\/\" data-type=\"page\" data-id=\"206\">Mathe-Snack 23\/49<\/a> Heute gibt es Nudeln!<\/p>\n\n\n\n<p><a href=\"https:\/\/mathe123.de\/index.php\/mathe-snack-24-49-und-wieder-ein-glucksrad\/\" data-type=\"page\" data-id=\"210\">Mathe-Snack 24\/49<\/a> Und wieder ein Gl\u00fccksrad!<\/p>\n\n\n\n<p><a href=\"https:\/\/mathe123.de\/index.php\/mathe-snack-25-49-welches-drachen-thema-verbirgt-sich-hinter-dieser-textaufgabe\/\" data-type=\"page\" data-id=\"216\">Mathe-Snack 25\/49 <\/a>Welches Drachen-Thema verbirgt sich hinter dieser Textaufgabe?<\/p>\n\n\n\n<p><a href=\"https:\/\/mathe123.de\/index.php\/mathe-snack-26-49-drei-einfache-aber-bedenkenswerte-basisaufgaben\/\" data-type=\"page\" data-id=\"222\">Mathe-Snack 26\/49<\/a> Drei einfache, aber bedenkenswerte Basisaufgaben<\/p>\n\n\n\n<p><a href=\"https:\/\/mathe123.de\/index.php\/mathe-snack-27-49-komplette-quader-story-volumen-oberflache-korpernetz-punktebringer\/\" data-type=\"page\" data-id=\"228\">Mathe-Snack 27\/49<\/a> Komplette Quader-Story: Volumen, Oberfl\u00e4che, K\u00f6rpernetz. Punktebringer!<\/p>\n\n\n\n<p><a href=\"https:\/\/mathe123.de\/index.php\/mathe-snack-28-49-mobelkauf-trainiere-dein-problemverstandnis-mit-dieser-praxisaufgabe\/\" data-type=\"page\" data-id=\"233\">Mathe-Snack 28\/49<\/a> M\u00f6belkauf: trainiere dein Problemverst\u00e4ndnis mit dieser Praxisaufgabe!<\/p>\n\n\n\n<p><a href=\"https:\/\/mathe123.de\/index.php\/mathe-snack-29-49-echter-punktebringer-mit-absoluten-grundkenntnissen-in-statistik-und-prozent\/\" data-type=\"page\" data-id=\"241\">Mathe-Snack 29\/49<\/a> &#8211; echter Punktebringer mit absoluten Grundkenntnissen in Statistik und Prozent!<\/p>\n\n\n\n<p><a href=\"https:\/\/mathe123.de\/index.php\/mathe-snack-30-49-wichtige-basis-ubung-korpernetze-wurfel\/\" data-type=\"page\" data-id=\"247\">Mathe-Snack 30\/49<\/a> Wichtige Basis-\u00dcbung: K\u00f6rpernetze W\u00fcrfel<\/p>\n\n\n\n<p><a href=\"https:\/\/mathe123.de\/index.php\/mathe-snack-31-49-vergleichsaufgabe-einheiten-wichtiger-lern-tipp\/\" data-type=\"page\" data-id=\"252\">Mathe-Snack 31\/49<\/a> Vergleichsaufgabe, Einheiten &amp; wichtiger Lern-Tipp<\/p>\n\n\n\n<p><a href=\"https:\/\/mathe123.de\/index.php\/mathe-snack-32-49-quadrat-und-rechteck-umfang-flache-volumen-wiederhole-diese-standards\/\" data-type=\"page\" data-id=\"256\">Mathe-Snack 32\/49<\/a> Quadrat und Rechteck &#8211; Umfang, Fl\u00e4che, Volumen. Wiederhole diese Standards.<\/p>\n\n\n\n<p><a href=\"https:\/\/mathe123.de\/index.php\/mathe-snack-33-49-leberwurst-und-energiesparlampen\/\" data-type=\"page\" data-id=\"276\">Mathe-Snack 33\/49<\/a> Leberwurst und Energiesparlampen<\/p>\n\n\n\n<p><a href=\"https:\/\/mathe123.de\/index.php\/mathe-snack-34-49-drei-prozentknaller-teste-dich-mit-diesen-aufgaben\/\" data-type=\"page\" data-id=\"280\">Mathe-Snack 34\/49<\/a> Drei Prozentknaller &#8211; Teste dich mit diesen Aufgaben<\/p>\n\n\n\n<p><a href=\"https:\/\/mathe123.de\/index.php\/mathe-snack-35-49-rechteck-und-quader\/\" data-type=\"page\" data-id=\"312\">Mathe-Snack 35\/49<\/a> Rechteck und Quader<\/p>\n\n\n\n<p><a href=\"https:\/\/mathe123.de\/index.php\/mathe-snack-36-49-fahrplan-ein-einfacher-punktebringer\/\" data-type=\"page\" data-id=\"316\">Mathe-Snack 36\/49<\/a> Fahrplan, ein einfacher Punktebringer<\/p>\n\n\n\n<p><a href=\"https:\/\/mathe123.de\/index.php\/mathe-snack-37-49-es-geht-um-die-wurst-die-jungen-koche-sind-ratlos-kannst-du-ihnen-helfen\/\" data-type=\"page\" data-id=\"319\">Mathe-Snack 37\/49<\/a> Es geht um die Wurst! Die Jungen K\u00f6che sind ratlos! Kannst du ihnen helfen?<\/p>\n\n\n\n<p><a href=\"https:\/\/mathe123.de\/index.php\/mathe-snack-38-49-ebene-figuren-kennen-prozentwert-und-wiedermal-glucksrad\/\" data-type=\"page\" data-id=\"336\">Mathe-Snack 38\/49<\/a> Ebene Figuren kennen, Prozentwert &#8211; und wiedermal Gl\u00fccksrad<\/p>\n\n\n\n<p><a href=\"https:\/\/mathe123.de\/index.php\/mathe-snack-39-49-einkauf-im-grosmarkt-mehrwertsteuer-bei-getranken-und-speisen-richtig-rechnen\/\" data-type=\"page\" data-id=\"343\">Mathe-Snack 39\/49<\/a> Einkauf im Gro\u00dfmarkt. Mehrwertsteuer bei Getr\u00e4nken und Speisen richtig rechnen!<\/p>\n\n\n\n<p><a href=\"https:\/\/mathe123.de\/index.php\/mathe-snack-40-49-winkel-aufgaben-beim-dreieck\/\" data-type=\"page\" data-id=\"348\">Mathe-Snack 40\/49<\/a> Winkel-Aufgaben beim Dreieck<\/p>\n\n\n\n<p><a href=\"https:\/\/mathe123.de\/index.php\/mathe-snack-41-49-basisaufgaben-mit-zeit-dezimalzahlen-wahrscheinlichkeit\/\" data-type=\"page\" data-id=\"445\">Mathe-Snack 41\/49<\/a> Basisaufgaben mit Zeit, Dezimalzahlen, Wahrscheinlichkeit<\/p>\n\n\n\n<p><a href=\"https:\/\/mathe123.de\/index.php\/mathe-snack-42-49-leihfahrrad-der-klassiker-fur-lineare-funktionen\/\" data-type=\"page\" data-id=\"441\">Mathe-Snack 42\/49<\/a> Leihfahrrad: der Klassiker f\u00fcr lineare Funktionen!<\/p>\n\n\n\n<p><a href=\"https:\/\/mathe123.de\/index.php\/mathe-snack-43-49-herausforderungen-heute-denken-dreieck-kreis-rechteck\/\" data-type=\"page\" data-id=\"451\">Mathe-Snack 43\/49<\/a> Herausforderungen heute: Denken, Dreieck, Kreis, Rechteck<\/p>\n\n\n\n<p><a href=\"https:\/\/mathe123.de\/index.php\/mathe-snack-44-49-zufall-buchstaben-im-wort-lose-nieten-defekte-energiesparlampen\/\" data-type=\"page\" data-id=\"455\">Mathe-Snack 44\/49<\/a> Zufall? Buchstaben im Wort, Lose &amp; Nieten, defekte Energiesparlampen<\/p>\n\n\n\n<p><a href=\"https:\/\/mathe123.de\/index.php\/mathe-snack-45-49-drei-basisaufgaben-dreieck-kreis-rechteck\/\" data-type=\"page\" data-id=\"459\">Mathe-Snack 45\/49<\/a> Drei Basisaufgaben: Dreieck, Kreis, Rechteck<\/p>\n\n\n\n<p><a href=\"https:\/\/mathe123.de\/index.php\/mathe-snack-46-49-bbr-aufgabe-flachenberechnung-im-badezimmer\/\" data-type=\"page\" data-id=\"462\">Mathe-Snack 46\/49<\/a> BBR-Aufgabe: Fl\u00e4chenberechnung im Badezimmer<\/p>\n\n\n\n<p><a href=\"https:\/\/mathe123.de\/index.php\/mathe-snack-47-49-rund-um-lineare-funktionen\/\" data-type=\"page\" data-id=\"469\">Mathe-Snack 47\/49 <\/a>&#8211; Rund um Lineare Funktionen<\/p>\n\n\n\n<p><a href=\"https:\/\/mathe123.de\/index.php\/korperberechnungen-ein-nur-dach-haus\/\" data-type=\"page\" data-id=\"485\">Mathe-Snack 48\/49<\/a> K\u00f6rperberechnungen: ein Prisma<\/p>\n\n\n\n<p><a href=\"https:\/\/mathe123.de\/index.php\/mathe-snack-49-49-diskutiere-eine-lineare-funktion-finde-eigenschaften\/\" data-type=\"page\" data-id=\"482\">Mathe-Snack 49\/49<\/a> Diskutiere eine Lineare Funktion, finde Eigenschaften<\/p>\n\n\n\n<p><\/p>\n","protected":false},"excerpt":{"rendered":"<p>Mathe-Snack 1\/49 Das gleichschenklige Dreieck und das Wunder des Basiswinkels Mathe-Snack 2\/49 Fit mit dem Kleinen Einmalseins, heute: Dezimalzahlen Mathe-Snack 3\/49 Drei grundlegende Basisaufgaben Mathe-Snack 4\/49 Umfang &#8211; 3 K\u00f6rper &#8211; Gl\u00fccksrad Mathe-Snack 5\/49 Drei ganz typische Basisaufgaben: Gleichung, Mittelwert, Dreisatz Mathe-Snack 6\/49 Rund um den Kreis Mathe-Snack 7\/49 Zwei Basisaufgaben: Prozent und Gl\u00fccksrad &#8211; [&hellip;]<\/p>\n","protected":false},"author":1,"featured_media":0,"parent":0,"menu_order":0,"comment_status":"closed","ping_status":"closed","template":"","meta":{"footnotes":""},"categories":[],"tags":[],"class_list":["post-82","page","type-page","status-publish","hentry"],"blocksy_meta":[],"_links":{"self":[{"href":"https:\/\/mathe123.de\/index.php\/wp-json\/wp\/v2\/pages\/82","targetHints":{"allow":["GET"]}}],"collection":[{"href":"https:\/\/mathe123.de\/index.php\/wp-json\/wp\/v2\/pages"}],"about":[{"href":"https:\/\/mathe123.de\/index.php\/wp-json\/wp\/v2\/types\/page"}],"author":[{"embeddable":true,"href":"https:\/\/mathe123.de\/index.php\/wp-json\/wp\/v2\/users\/1"}],"replies":[{"embeddable":true,"href":"https:\/\/mathe123.de\/index.php\/wp-json\/wp\/v2\/comments?post=82"}],"version-history":[{"count":27,"href":"https:\/\/mathe123.de\/index.php\/wp-json\/wp\/v2\/pages\/82\/revisions"}],"predecessor-version":[{"id":491,"href":"https:\/\/mathe123.de\/index.php\/wp-json\/wp\/v2\/pages\/82\/revisions\/491"}],"wp:attachment":[{"href":"https:\/\/mathe123.de\/index.php\/wp-json\/wp\/v2\/media?parent=82"}],"wp:term":[{"taxonomy":"category","embeddable":true,"href":"https:\/\/mathe123.de\/index.php\/wp-json\/wp\/v2\/categories?post=82"},{"taxonomy":"post_tag","embeddable":true,"href":"https:\/\/mathe123.de\/index.php\/wp-json\/wp\/v2\/tags?post=82"}],"curies":[{"name":"wp","href":"https:\/\/api.w.org\/{rel}","templated":true}]}}