{"id":78,"date":"2025-04-25T15:57:11","date_gmt":"2025-04-25T13:57:11","guid":{"rendered":"https:\/\/mathe123.de\/?page_id=78"},"modified":"2025-04-25T16:31:07","modified_gmt":"2025-04-25T14:31:07","slug":"mathe-snack-1-49-das-gleichschenklige-dreieck-und-das-wunder-des-basiswinkels","status":"publish","type":"page","link":"https:\/\/mathe123.de\/index.php\/mathe-snack-1-49-das-gleichschenklige-dreieck-und-das-wunder-des-basiswinkels\/","title":{"rendered":"Mathe-Snack 1\/49 Das gleichschenklige Dreieck und das Wunder des Basiswinkels"},"content":{"rendered":"\n<p>&#8220;Wenn du bei einem gleichschenkeligen Dreieck einen Winkel wei\u00dft, dann wei\u00dft du gleich alle drei!&#8221; Stimmt&#8217;s oder stimmt&#8217;s nicht?<\/p>\n\n\n\n<p>\u00dcberlege: wieviel Grad haben alle 3 Winkel zusammen? Richtig 180, das ist die <strong>Winkelsumme<\/strong> im Dreieck.<\/p>\n\n\n\n<p>&#8220;Angenommen, ich kenne den Spitzenwinkel und der ist z.B. 50 Grad. Dann bleiben f\u00fcr die beiden Basiswinkel zusammen 130 Grad, also muss jeder 65 Grad haben&#8221;.&nbsp;<\/p>\n\n\n\n<p>&#8220;Angenommen, ich kenne einen Basiswinkel und der hat 65 Grad. Dann haben beide zusammen 130 Grad. Also bleiben f\u00fcr den Spitzenwinkel noch 50 Grad.&#8221;<\/p>\n\n\n\n<figure class=\"wp-block-image aligncenter size-full\"><img loading=\"lazy\" decoding=\"async\" width=\"450\" height=\"512\" src=\"https:\/\/mathe123.de\/wp-content\/uploads\/2025\/04\/image.jpeg\" alt=\"\" class=\"wp-image-79\" srcset=\"https:\/\/mathe123.de\/wp-content\/uploads\/2025\/04\/image.jpeg 450w, https:\/\/mathe123.de\/wp-content\/uploads\/2025\/04\/image-264x300.jpeg 264w\" sizes=\"auto, (max-width: 450px) 100vw, 450px\" \/><\/figure>\n\n\n\n<p>&#8220;Die beiden Seiten, die den Spitzenwinkel einschlie\u00dfen, sind die <em>Schenkel<\/em> vom Spitzenwinkel. Und wenn die gleich sind, hei\u00dft das Dreieck <em>gleichschenklig.&#8221;<\/em><\/p>\n","protected":false},"excerpt":{"rendered":"<p>&#8220;Wenn du bei einem gleichschenkeligen Dreieck einen Winkel wei\u00dft, dann wei\u00dft du gleich alle drei!&#8221; Stimmt&#8217;s oder stimmt&#8217;s nicht? \u00dcberlege: wieviel Grad haben alle 3 Winkel zusammen? Richtig 180, das ist die Winkelsumme im Dreieck. &#8220;Angenommen, ich kenne den Spitzenwinkel und der ist z.B. 50 Grad. Dann bleiben f\u00fcr die beiden Basiswinkel zusammen 130 Grad, [&hellip;]<\/p>\n","protected":false},"author":1,"featured_media":0,"parent":0,"menu_order":0,"comment_status":"closed","ping_status":"closed","template":"","meta":{"footnotes":""},"categories":[],"tags":[],"class_list":["post-78","page","type-page","status-publish","hentry"],"blocksy_meta":[],"_links":{"self":[{"href":"https:\/\/mathe123.de\/index.php\/wp-json\/wp\/v2\/pages\/78","targetHints":{"allow":["GET"]}}],"collection":[{"href":"https:\/\/mathe123.de\/index.php\/wp-json\/wp\/v2\/pages"}],"about":[{"href":"https:\/\/mathe123.de\/index.php\/wp-json\/wp\/v2\/types\/page"}],"author":[{"embeddable":true,"href":"https:\/\/mathe123.de\/index.php\/wp-json\/wp\/v2\/users\/1"}],"replies":[{"embeddable":true,"href":"https:\/\/mathe123.de\/index.php\/wp-json\/wp\/v2\/comments?post=78"}],"version-history":[{"count":3,"href":"https:\/\/mathe123.de\/index.php\/wp-json\/wp\/v2\/pages\/78\/revisions"}],"predecessor-version":[{"id":263,"href":"https:\/\/mathe123.de\/index.php\/wp-json\/wp\/v2\/pages\/78\/revisions\/263"}],"wp:attachment":[{"href":"https:\/\/mathe123.de\/index.php\/wp-json\/wp\/v2\/media?parent=78"}],"wp:term":[{"taxonomy":"category","embeddable":true,"href":"https:\/\/mathe123.de\/index.php\/wp-json\/wp\/v2\/categories?post=78"},{"taxonomy":"post_tag","embeddable":true,"href":"https:\/\/mathe123.de\/index.php\/wp-json\/wp\/v2\/tags?post=78"}],"curies":[{"name":"wp","href":"https:\/\/api.w.org\/{rel}","templated":true}]}}