{"id":485,"date":"2025-05-11T11:19:34","date_gmt":"2025-05-11T09:19:34","guid":{"rendered":"https:\/\/mathe123.de\/?page_id=485"},"modified":"2025-05-11T11:22:14","modified_gmt":"2025-05-11T09:22:14","slug":"korperberechnungen-ein-nur-dach-haus","status":"publish","type":"page","link":"https:\/\/mathe123.de\/index.php\/korperberechnungen-ein-nur-dach-haus\/","title":{"rendered":"Mathe-Snack 48\/49 K\u00f6rperberechnungen: ein Nur-Dach-Haus"},"content":{"rendered":"\n<p>Wiederhole mit der Formelsammlung K\u00f6rper: Quader und Prisma. Mache dir klar, dass der K\u00f6rper dieser Aufgabe ein Prisma ist. Was ist die Grundfl\u00e4che? Die Grundfl\u00e4che muss nicht immer der Fu\u00dfboden sein!<\/p>\n\n\n\n<figure class=\"wp-block-image size-full\"><img loading=\"lazy\" decoding=\"async\" width=\"841\" height=\"426\" src=\"https:\/\/mathe123.de\/wp-content\/uploads\/2025\/05\/image-8.png\" alt=\"\" class=\"wp-image-474\" srcset=\"https:\/\/mathe123.de\/wp-content\/uploads\/2025\/05\/image-8.png 841w, https:\/\/mathe123.de\/wp-content\/uploads\/2025\/05\/image-8-300x152.png 300w, https:\/\/mathe123.de\/wp-content\/uploads\/2025\/05\/image-8-768x389.png 768w\" sizes=\"auto, (max-width: 841px) 100vw, 841px\" \/><\/figure>\n\n\n\n<p><\/p>\n","protected":false},"excerpt":{"rendered":"<p>Wiederhole mit der Formelsammlung K\u00f6rper: Quader und Prisma. Mache dir klar, dass der K\u00f6rper dieser Aufgabe ein Prisma ist. Was ist die Grundfl\u00e4che? Die Grundfl\u00e4che muss nicht immer der Fu\u00dfboden sein!<\/p>\n","protected":false},"author":1,"featured_media":0,"parent":0,"menu_order":0,"comment_status":"closed","ping_status":"closed","template":"","meta":{"footnotes":""},"categories":[],"tags":[],"class_list":["post-485","page","type-page","status-publish","hentry"],"blocksy_meta":[],"_links":{"self":[{"href":"https:\/\/mathe123.de\/index.php\/wp-json\/wp\/v2\/pages\/485","targetHints":{"allow":["GET"]}}],"collection":[{"href":"https:\/\/mathe123.de\/index.php\/wp-json\/wp\/v2\/pages"}],"about":[{"href":"https:\/\/mathe123.de\/index.php\/wp-json\/wp\/v2\/types\/page"}],"author":[{"embeddable":true,"href":"https:\/\/mathe123.de\/index.php\/wp-json\/wp\/v2\/users\/1"}],"replies":[{"embeddable":true,"href":"https:\/\/mathe123.de\/index.php\/wp-json\/wp\/v2\/comments?post=485"}],"version-history":[{"count":3,"href":"https:\/\/mathe123.de\/index.php\/wp-json\/wp\/v2\/pages\/485\/revisions"}],"predecessor-version":[{"id":489,"href":"https:\/\/mathe123.de\/index.php\/wp-json\/wp\/v2\/pages\/485\/revisions\/489"}],"wp:attachment":[{"href":"https:\/\/mathe123.de\/index.php\/wp-json\/wp\/v2\/media?parent=485"}],"wp:term":[{"taxonomy":"category","embeddable":true,"href":"https:\/\/mathe123.de\/index.php\/wp-json\/wp\/v2\/categories?post=485"},{"taxonomy":"post_tag","embeddable":true,"href":"https:\/\/mathe123.de\/index.php\/wp-json\/wp\/v2\/tags?post=485"}],"curies":[{"name":"wp","href":"https:\/\/api.w.org\/{rel}","templated":true}]}}