{"id":462,"date":"2025-05-10T12:04:21","date_gmt":"2025-05-10T10:04:21","guid":{"rendered":"https:\/\/mathe123.de\/?page_id=462"},"modified":"2025-05-10T12:04:21","modified_gmt":"2025-05-10T10:04:21","slug":"mathe-snack-46-49-bbr-aufgabe-flachenberechnung-im-badezimmer","status":"publish","type":"page","link":"https:\/\/mathe123.de\/index.php\/mathe-snack-46-49-bbr-aufgabe-flachenberechnung-im-badezimmer\/","title":{"rendered":"Mathe-Snack 46\/49 BBR-Aufgabe: Fl\u00e4chenberechnung im Badezimmer"},"content":{"rendered":"\n<figure class=\"wp-block-image size-full\"><img loading=\"lazy\" decoding=\"async\" width=\"915\" height=\"797\" src=\"https:\/\/mathe123.de\/wp-content\/uploads\/2025\/05\/image-5.png\" alt=\"\" class=\"wp-image-465\" srcset=\"https:\/\/mathe123.de\/wp-content\/uploads\/2025\/05\/image-5.png 915w, https:\/\/mathe123.de\/wp-content\/uploads\/2025\/05\/image-5-300x261.png 300w, https:\/\/mathe123.de\/wp-content\/uploads\/2025\/05\/image-5-768x669.png 768w\" sizes=\"auto, (max-width: 915px) 100vw, 915px\" \/><\/figure>\n\n\n\n<p>Tipp: um die Fl\u00e4che das Badezimmers zu bestimmen, rechnest du erst die gesamte Fl\u00e4che aus, das Recheck 3,20m * 1,80m, und dann ziehst du die Fl\u00e4che der Dusche ab, 0,80 m im Quadrat.<\/p>\n\n\n\n<figure class=\"wp-block-image size-full\"><img loading=\"lazy\" decoding=\"async\" width=\"915\" height=\"329\" src=\"https:\/\/mathe123.de\/wp-content\/uploads\/2025\/05\/image-6.png\" alt=\"\" class=\"wp-image-466\" srcset=\"https:\/\/mathe123.de\/wp-content\/uploads\/2025\/05\/image-6.png 915w, https:\/\/mathe123.de\/wp-content\/uploads\/2025\/05\/image-6-300x108.png 300w, https:\/\/mathe123.de\/wp-content\/uploads\/2025\/05\/image-6-768x276.png 768w\" sizes=\"auto, (max-width: 915px) 100vw, 915px\" \/><\/figure>\n\n\n\n<p>Rechne aus, wie viele Fliesen in einen Quadratmeter gehen: Teile einen Quadratmeter durch die Fl\u00e4che einer Fliese. Diese betr\u00e4gt 0,2 m im Quadrat. Du brauchst keinen Taschenrechner: (1\/5) m im Quadrat gibt (1\/25) Quadratmeter, also kosten 25 Fliesen 45 Euro. Eine kostet &#8230; ?<\/p>\n","protected":false},"excerpt":{"rendered":"<p>Tipp: um die Fl\u00e4che das Badezimmers zu bestimmen, rechnest du erst die gesamte Fl\u00e4che aus, das Recheck 3,20m * 1,80m, und dann ziehst du die Fl\u00e4che der Dusche ab, 0,80 m im Quadrat. Rechne aus, wie viele Fliesen in einen Quadratmeter gehen: Teile einen Quadratmeter durch die Fl\u00e4che einer Fliese. Diese betr\u00e4gt 0,2 m im [&hellip;]<\/p>\n","protected":false},"author":1,"featured_media":0,"parent":0,"menu_order":0,"comment_status":"closed","ping_status":"closed","template":"","meta":{"footnotes":""},"categories":[],"tags":[],"class_list":["post-462","page","type-page","status-publish","hentry"],"blocksy_meta":[],"_links":{"self":[{"href":"https:\/\/mathe123.de\/index.php\/wp-json\/wp\/v2\/pages\/462","targetHints":{"allow":["GET"]}}],"collection":[{"href":"https:\/\/mathe123.de\/index.php\/wp-json\/wp\/v2\/pages"}],"about":[{"href":"https:\/\/mathe123.de\/index.php\/wp-json\/wp\/v2\/types\/page"}],"author":[{"embeddable":true,"href":"https:\/\/mathe123.de\/index.php\/wp-json\/wp\/v2\/users\/1"}],"replies":[{"embeddable":true,"href":"https:\/\/mathe123.de\/index.php\/wp-json\/wp\/v2\/comments?post=462"}],"version-history":[{"count":1,"href":"https:\/\/mathe123.de\/index.php\/wp-json\/wp\/v2\/pages\/462\/revisions"}],"predecessor-version":[{"id":467,"href":"https:\/\/mathe123.de\/index.php\/wp-json\/wp\/v2\/pages\/462\/revisions\/467"}],"wp:attachment":[{"href":"https:\/\/mathe123.de\/index.php\/wp-json\/wp\/v2\/media?parent=462"}],"wp:term":[{"taxonomy":"category","embeddable":true,"href":"https:\/\/mathe123.de\/index.php\/wp-json\/wp\/v2\/categories?post=462"},{"taxonomy":"post_tag","embeddable":true,"href":"https:\/\/mathe123.de\/index.php\/wp-json\/wp\/v2\/tags?post=462"}],"curies":[{"name":"wp","href":"https:\/\/api.w.org\/{rel}","templated":true}]}}