{"id":445,"date":"2025-05-10T11:42:13","date_gmt":"2025-05-10T09:42:13","guid":{"rendered":"https:\/\/mathe123.de\/?page_id=445"},"modified":"2025-05-10T11:42:13","modified_gmt":"2025-05-10T09:42:13","slug":"mathe-snack-41-49-basisaufgaben-mit-zeit-dezimalzahlen-wahrscheinlichkeit","status":"publish","type":"page","link":"https:\/\/mathe123.de\/index.php\/mathe-snack-41-49-basisaufgaben-mit-zeit-dezimalzahlen-wahrscheinlichkeit\/","title":{"rendered":"Mathe-Snack 41\/49 Basisaufgaben mit Zeit, Dezimalzahlen, Wahrscheinlichkeit"},"content":{"rendered":"\n<figure class=\"wp-block-image size-full\"><img loading=\"lazy\" decoding=\"async\" width=\"795\" height=\"634\" src=\"https:\/\/mathe123.de\/wp-content\/uploads\/2025\/05\/image-4.jpeg\" alt=\"\" class=\"wp-image-446\" srcset=\"https:\/\/mathe123.de\/wp-content\/uploads\/2025\/05\/image-4.jpeg 795w, https:\/\/mathe123.de\/wp-content\/uploads\/2025\/05\/image-4-300x239.jpeg 300w, https:\/\/mathe123.de\/wp-content\/uploads\/2025\/05\/image-4-768x612.jpeg 768w\" sizes=\"auto, (max-width: 795px) 100vw, 795px\" \/><\/figure>\n\n\n\n<p><strong>Zeit, kl\u00e4re dein K\u00f6nnen<\/strong><\/p>\n\n\n\n<ul class=\"wp-block-list\">\n<li>Stunden und Minuten in Sekunden umrechnen<\/li>\n\n\n\n<li>und umgekehrt<\/li>\n\n\n\n<li>Stunden in Tage, Monate und Jahre umrechnen<\/li>\n\n\n\n<li>und umgekehrt<\/li>\n<\/ul>\n\n\n\n<p><strong>W\u00fcrfel<\/strong><\/p>\n\n\n\n<p>Die gleiche Aufgabe mit 1\/6, 1\/2. Alle Wahrscheinlichkeiten als Bruch, Dezimal und Prozent!<\/p>\n","protected":false},"excerpt":{"rendered":"<p>Zeit, kl\u00e4re dein K\u00f6nnen W\u00fcrfel Die gleiche Aufgabe mit 1\/6, 1\/2. Alle Wahrscheinlichkeiten als Bruch, Dezimal und Prozent!<\/p>\n","protected":false},"author":1,"featured_media":0,"parent":0,"menu_order":0,"comment_status":"closed","ping_status":"closed","template":"","meta":{"footnotes":""},"categories":[],"tags":[],"class_list":["post-445","page","type-page","status-publish","hentry"],"blocksy_meta":[],"_links":{"self":[{"href":"https:\/\/mathe123.de\/index.php\/wp-json\/wp\/v2\/pages\/445","targetHints":{"allow":["GET"]}}],"collection":[{"href":"https:\/\/mathe123.de\/index.php\/wp-json\/wp\/v2\/pages"}],"about":[{"href":"https:\/\/mathe123.de\/index.php\/wp-json\/wp\/v2\/types\/page"}],"author":[{"embeddable":true,"href":"https:\/\/mathe123.de\/index.php\/wp-json\/wp\/v2\/users\/1"}],"replies":[{"embeddable":true,"href":"https:\/\/mathe123.de\/index.php\/wp-json\/wp\/v2\/comments?post=445"}],"version-history":[{"count":1,"href":"https:\/\/mathe123.de\/index.php\/wp-json\/wp\/v2\/pages\/445\/revisions"}],"predecessor-version":[{"id":447,"href":"https:\/\/mathe123.de\/index.php\/wp-json\/wp\/v2\/pages\/445\/revisions\/447"}],"wp:attachment":[{"href":"https:\/\/mathe123.de\/index.php\/wp-json\/wp\/v2\/media?parent=445"}],"wp:term":[{"taxonomy":"category","embeddable":true,"href":"https:\/\/mathe123.de\/index.php\/wp-json\/wp\/v2\/categories?post=445"},{"taxonomy":"post_tag","embeddable":true,"href":"https:\/\/mathe123.de\/index.php\/wp-json\/wp\/v2\/tags?post=445"}],"curies":[{"name":"wp","href":"https:\/\/api.w.org\/{rel}","templated":true}]}}