{"id":441,"date":"2025-05-10T11:33:04","date_gmt":"2025-05-10T09:33:04","guid":{"rendered":"https:\/\/mathe123.de\/?page_id=441"},"modified":"2025-05-10T11:33:04","modified_gmt":"2025-05-10T09:33:04","slug":"mathe-snack-42-49-leihfahrrad-der-klassiker-fur-lineare-funktionen","status":"publish","type":"page","link":"https:\/\/mathe123.de\/index.php\/mathe-snack-42-49-leihfahrrad-der-klassiker-fur-lineare-funktionen\/","title":{"rendered":"Mathe-Snack 42\/49 Leihfahrrad: der Klassiker f\u00fcr lineare Funktionen!"},"content":{"rendered":"\n<p>Praktische Anwendung des Themas &#8220;Lineare Funktionen&#8221;<\/p>\n\n\n\n<figure class=\"wp-block-image size-full\"><img loading=\"lazy\" decoding=\"async\" width=\"533\" height=\"654\" src=\"https:\/\/mathe123.de\/wp-content\/uploads\/2025\/05\/image-3.jpeg\" alt=\"\" class=\"wp-image-442\" srcset=\"https:\/\/mathe123.de\/wp-content\/uploads\/2025\/05\/image-3.jpeg 533w, https:\/\/mathe123.de\/wp-content\/uploads\/2025\/05\/image-3-244x300.jpeg 244w\" sizes=\"auto, (max-width: 533px) 100vw, 533px\" \/><\/figure>\n\n\n\n<p>Das Bild sagt: offenbar handelt es sich um eine linare Funktion.<\/p>\n\n\n\n<p>Was ist der Achsenabschnitt bei einer linearen Funktion: y = f(x)? Es ist der Wert y der dem x-Wert 0 entspricht. Oder auch Achsenabschnitt = f(0)<\/p>\n\n\n\n<p>Bei der Fahrradausleihe ist es die Grundgeb\u00fchr! Da muss man zahlen, auch wenn man noch keinen Meter gefahren ist!<\/p>\n\n\n\n<p>Wenn es keine Grundgeb\u00fchr gibt, dann geht die Kurve durch den Nullpunkt. Die Kurve ist dann eine lineare Funktion mit Achsenabschnitt 0, oder auch eine proportionale Funktion!<\/p>\n\n\n\n<p>Interessante Frage: ab wieviel Minuten lohnt es sich, eine h\u00f6here Grundgeb\u00fchr zu zahlen &#8211; und daf\u00fcr einen geringeren Minutenpreis?<\/p>\n","protected":false},"excerpt":{"rendered":"<p>Praktische Anwendung des Themas &#8220;Lineare Funktionen&#8221; Das Bild sagt: offenbar handelt es sich um eine linare Funktion. Was ist der Achsenabschnitt bei einer linearen Funktion: y = f(x)? Es ist der Wert y der dem x-Wert 0 entspricht. Oder auch Achsenabschnitt = f(0) Bei der Fahrradausleihe ist es die Grundgeb\u00fchr! Da muss man zahlen, auch [&hellip;]<\/p>\n","protected":false},"author":1,"featured_media":0,"parent":0,"menu_order":0,"comment_status":"closed","ping_status":"closed","template":"","meta":{"footnotes":""},"categories":[],"tags":[],"class_list":["post-441","page","type-page","status-publish","hentry"],"blocksy_meta":[],"_links":{"self":[{"href":"https:\/\/mathe123.de\/index.php\/wp-json\/wp\/v2\/pages\/441","targetHints":{"allow":["GET"]}}],"collection":[{"href":"https:\/\/mathe123.de\/index.php\/wp-json\/wp\/v2\/pages"}],"about":[{"href":"https:\/\/mathe123.de\/index.php\/wp-json\/wp\/v2\/types\/page"}],"author":[{"embeddable":true,"href":"https:\/\/mathe123.de\/index.php\/wp-json\/wp\/v2\/users\/1"}],"replies":[{"embeddable":true,"href":"https:\/\/mathe123.de\/index.php\/wp-json\/wp\/v2\/comments?post=441"}],"version-history":[{"count":1,"href":"https:\/\/mathe123.de\/index.php\/wp-json\/wp\/v2\/pages\/441\/revisions"}],"predecessor-version":[{"id":443,"href":"https:\/\/mathe123.de\/index.php\/wp-json\/wp\/v2\/pages\/441\/revisions\/443"}],"wp:attachment":[{"href":"https:\/\/mathe123.de\/index.php\/wp-json\/wp\/v2\/media?parent=441"}],"wp:term":[{"taxonomy":"category","embeddable":true,"href":"https:\/\/mathe123.de\/index.php\/wp-json\/wp\/v2\/categories?post=441"},{"taxonomy":"post_tag","embeddable":true,"href":"https:\/\/mathe123.de\/index.php\/wp-json\/wp\/v2\/tags?post=441"}],"curies":[{"name":"wp","href":"https:\/\/api.w.org\/{rel}","templated":true}]}}