{"id":369,"date":"2025-05-06T14:41:41","date_gmt":"2025-05-06T12:41:41","guid":{"rendered":"https:\/\/mathe123.de\/?page_id=369"},"modified":"2025-05-06T20:47:41","modified_gmt":"2025-05-06T18:47:41","slug":"themenubersicht-mathe-snacks","status":"publish","type":"page","link":"https:\/\/mathe123.de\/index.php\/themenubersicht-mathe-snacks\/","title":{"rendered":"Themen\u00fcbersicht Mathe-Snacks"},"content":{"rendered":"\n<p>Die typischen BBR-Themen im \u00dcberblick. Die <a href=\"https:\/\/mathe123.de\/index.php\/mathe-snacks\/\" data-type=\"page\" data-id=\"82\">Mathe-Snacks<\/a> fassen alle Themen zusammen.<\/p>\n\n\n\n<dl>\n  <dt><strong><\/strong><\/dt>\n  <dd><strong>Themen:<\/strong> Rechnen, Rechenarten, Dezimalzahlen<\/dd>\n  <dd><strong>Tags:<\/strong> einmaleins<\/dd>\n  <dd><strong>Mathe-Snacks:<\/strong> 2, <\/dd>\n\n  <dt><strong>Plus und Minus auf dem Zahlenstrahl<\/strong><\/dt>\n  <dd><strong>Themen:<\/strong> Positive und negative Zahlen addieren und subtrahieren, mit und ohne Klammern<\/dd>\n  <dd><strong>Tags:<\/strong> addieren, subtrahieren, klammer, gr\u00f6\u00dfer-kleiner, ungleichung<\/dd>\n  <dd><strong>Mathe-Snacks:<\/strong> 22, 41<\/dd>\n\n  <dt><strong>Mal und geteilt mit positiven und negativen Zahlen<\/strong><\/dt>\n  <dd><strong>Themen:<\/strong> vorzeichenregeln, mal-10-100, durch-10-100<\/dd>\n  <dd><strong>Tags:<\/strong> fl\u00e4che, volumen, formeln<\/dd>\n  <dd><strong>Mathe-Snacks:<\/strong> 20, 30, 7<\/dd>\n\n  <dt><strong>Rechnen mit Einheiten<\/strong><\/dt>\n  <dd><strong>Themen:<\/strong> L\u00e4nge, Fl\u00e4che, Volumen, Masse, Zeit. Meter und Dezimeter, Kilogramm und Tonne, Stunde und Minute. Mal 100, geteilt durch 100.<\/dd>\n  <dd><strong>Tags:<\/strong> vergleichsaufgaben, ebene-figuren, zeiteinheiten, quadrat, kubik, kilo-milli, l\u00e4ngenma\u00dfe, meter, fl\u00e4chenma\u00dfe, quadratmeter<\/dd>\n  <dd><strong>Mathe-Snacks:<\/strong> 2, 10, 19, 31, 36, 37<\/dd>\n\n  <dt><strong>Ebene Figuren und K\u00f6rper<\/strong><\/dt>\n  <dd><strong>Themen:<\/strong> Figuren und K\u00f6rper kennen, Formen und Eigenschaften, Formeln verwenden, Formel und Anschauung<\/dd>\n  <dd><strong>Tags:<\/strong> fl\u00e4che, volumen, umfang, oberfl\u00e4che, durchmesser, radius, formeln, kreis, radius, durchmesser, umfang, quadrat, rechteck, parallelogramm, trapez, dreieck, quader, prisma, w\u00fcrfel, k\u00f6rpernetz<\/dd>\n  <dd><strong>Mathe-Snacks:<\/strong> 1, 6, 14, 26, 27, 30, 32, 33, 35, 38<\/dd>\n\n  <dt><strong>Dreiecke, Winkel, Pythagoras<\/strong><\/dt>\n  <dd><strong>Themen:<\/strong> Winkel im Dreieck, Winkelsumme, Dreiecksarten<\/dd>\n  <dd><strong>Tags:<\/strong> rechtwinkliges-dreieck<\/dd>\n  <dd><strong>Mathe-Snacks:<\/strong> 8, 20, 25, 40<\/dd>\n\n  <dt><strong>Diagramme lesen und erg\u00e4nzen<\/strong><\/dt>\n  <dd><strong>Themen:<\/strong> Histogramm, Balkendiagramm, S\u00e4ulendiagramm, Graph<\/dd>\n  <dd><strong>Tags:<\/strong> fl\u00e4che, volumen, formeln<\/dd>\n  <dd><strong>Mathe-Snacks:<\/strong> 11, 18, 29<\/dd>\n\n  <dt><strong>Rechenregeln: Terme ordnen und vereinfachen<\/strong><\/dt>\n  <dd><strong>Themen:<\/strong> Terme ordnen, Distributivgesetz, Klammern aufl\u00f6sen, binomische Formeln, Br\u00fcche k\u00fcrzen, Mittelwert<\/dd>\n  <dd><strong>Tags:<\/strong> terme, mittelwert, durchschnitt, arithmetisches Mittel<\/dd>\n  <dd><strong>Mathe-Snacks:<\/strong> 5, 8, 13<\/dd>\n\n  <dt><strong>Lineare Gleichungen umstellen und l\u00f6sen<\/strong><\/dt>\n  <dd><strong>Themen:<\/strong> plus-minus-umstellen, mal-geteilt-umstellen, gleichungssysteme, teilungsaufgaben<\/dd>\n  <dd><strong>Tags:<\/strong> fl\u00e4che, volumen, formeln<\/dd>\n  <dd><strong>Mathe-Snacks:<\/strong> 3, 5, 25, 26<\/dd>\n\n  <dt><strong>Anteil, Verh\u00e4ltnis, Dreisatz, Prozent<\/strong><\/dt>\n  <dd><strong>Themen:<\/strong> plus-minus-umstellen, mal-geteilt-umstellen, gleichungssysteme<\/dd>\n  <dd><strong>Tags:<\/strong> dreisatz, prozentsatz, prozentwert, zinsen, rabatt, kredit, ratenzahlung, mehrwertsteuer<\/dd>\n  <dd><strong>Mathe-Snacks:<\/strong> 3, 5, 7, 11, 12, 17, 20, 23, 28, 29, 33, 34, 37, 39<\/dd>\n\n  <dt><strong>Lineare Funktionen<\/strong><\/dt>\n  <dd><strong>Themen:<\/strong> Wertetabelle, Funktion zeichnen, Steigungsdreiecke, Geradengleichung, Gerade konstruiern, &#8220;rund um lineare Funktionen&#8221;<\/dd>\n  <dd><strong>Tags:<\/strong> fl\u00e4che, volumen, formeln<\/dd>\n  <dd><strong>Mathe-Snacks:<\/strong> 20, 30, 7<\/dd>\n\n  <dt><strong>Stochastik: Begriffe, einfache Wahrscheinlichkeit, Baumdiagramme<\/strong><\/dt>\n  <dd><strong>Themen:<\/strong> Zufallsauswahl, Laplace-Wahrscheinlichkeit, Gl\u00fccksrad-Urnen-Anteile<\/dd>\n  <dd><strong>Tags:<\/strong> gl\u00fccksrad<\/dd>\n  <dd><strong>Mathe-Snacks:<\/strong> 20, 30, 7, 15, 16, 21, 24, 33, 38, 41<\/dd>\n\n\n\n\n\n\n\n<\/dl>\n\n\n\n<div class=\"wp-block-columns is-layout-flex wp-container-core-columns-is-layout-28f84493 wp-block-columns-is-layout-flex\">\n<div class=\"wp-block-column is-layout-flow wp-block-column-is-layout-flow\">\n<div class=\"wp-block-buttons is-layout-flex wp-block-buttons-is-layout-flex\">\n<div class=\"wp-block-button\"><a class=\"wp-block-button__link wp-element-button\">Zahlen, Gr\u00f6\u00dfen, Werte<\/a><\/div>\n<\/div>\n<\/div>\n\n\n\n<div class=\"wp-block-column is-layout-flow wp-block-column-is-layout-flow\"><\/div>\n\n\n\n<div class=\"wp-block-column is-layout-flow wp-block-column-is-layout-flow\"><\/div>\n<\/div>\n","protected":false},"excerpt":{"rendered":"<p>Die typischen BBR-Themen im \u00dcberblick. Die Mathe-Snacks fassen alle Themen zusammen. Themen: Rechnen, Rechenarten, Dezimalzahlen Tags: einmaleins Mathe-Snacks: 2, Plus und Minus auf dem Zahlenstrahl Themen: Positive und negative Zahlen addieren und subtrahieren, mit und ohne Klammern Tags: addieren, subtrahieren, klammer, gr\u00f6\u00dfer-kleiner, ungleichung Mathe-Snacks: 22, 41 Mal und geteilt mit positiven und negativen Zahlen Themen: [&hellip;]<\/p>\n","protected":false},"author":1,"featured_media":0,"parent":0,"menu_order":0,"comment_status":"closed","ping_status":"closed","template":"","meta":{"footnotes":""},"categories":[],"tags":[],"class_list":["post-369","page","type-page","status-publish","hentry"],"blocksy_meta":[],"_links":{"self":[{"href":"https:\/\/mathe123.de\/index.php\/wp-json\/wp\/v2\/pages\/369","targetHints":{"allow":["GET"]}}],"collection":[{"href":"https:\/\/mathe123.de\/index.php\/wp-json\/wp\/v2\/pages"}],"about":[{"href":"https:\/\/mathe123.de\/index.php\/wp-json\/wp\/v2\/types\/page"}],"author":[{"embeddable":true,"href":"https:\/\/mathe123.de\/index.php\/wp-json\/wp\/v2\/users\/1"}],"replies":[{"embeddable":true,"href":"https:\/\/mathe123.de\/index.php\/wp-json\/wp\/v2\/comments?post=369"}],"version-history":[{"count":14,"href":"https:\/\/mathe123.de\/index.php\/wp-json\/wp\/v2\/pages\/369\/revisions"}],"predecessor-version":[{"id":425,"href":"https:\/\/mathe123.de\/index.php\/wp-json\/wp\/v2\/pages\/369\/revisions\/425"}],"wp:attachment":[{"href":"https:\/\/mathe123.de\/index.php\/wp-json\/wp\/v2\/media?parent=369"}],"wp:term":[{"taxonomy":"category","embeddable":true,"href":"https:\/\/mathe123.de\/index.php\/wp-json\/wp\/v2\/categories?post=369"},{"taxonomy":"post_tag","embeddable":true,"href":"https:\/\/mathe123.de\/index.php\/wp-json\/wp\/v2\/tags?post=369"}],"curies":[{"name":"wp","href":"https:\/\/api.w.org\/{rel}","templated":true}]}}