{"id":336,"date":"2025-05-02T17:15:25","date_gmt":"2025-05-02T15:15:25","guid":{"rendered":"https:\/\/mathe123.de\/?page_id=336"},"modified":"2025-05-02T17:15:25","modified_gmt":"2025-05-02T15:15:25","slug":"mathe-snack-38-49-ebene-figuren-kennen-prozentwert-und-wiedermal-glucksrad","status":"publish","type":"page","link":"https:\/\/mathe123.de\/index.php\/mathe-snack-38-49-ebene-figuren-kennen-prozentwert-und-wiedermal-glucksrad\/","title":{"rendered":"Mathe-Snack 38\/49 Ebene Figuren kennen, Prozentwert &#8211; und wiedermal Gl\u00fccksrad"},"content":{"rendered":"\n<figure class=\"wp-block-image size-full\"><img loading=\"lazy\" decoding=\"async\" width=\"1019\" height=\"1017\" src=\"https:\/\/mathe123.de\/wp-content\/uploads\/2025\/05\/image.png\" alt=\"\" class=\"wp-image-337\" srcset=\"https:\/\/mathe123.de\/wp-content\/uploads\/2025\/05\/image.png 1019w, https:\/\/mathe123.de\/wp-content\/uploads\/2025\/05\/image-300x300.png 300w, https:\/\/mathe123.de\/wp-content\/uploads\/2025\/05\/image-150x150.png 150w, https:\/\/mathe123.de\/wp-content\/uploads\/2025\/05\/image-768x766.png 768w\" sizes=\"auto, (max-width: 1019px) 100vw, 1019px\" \/><\/figure>\n\n\n\n<p><strong>Tipps und L\u00f6sungen<\/strong><\/p>\n\n\n\n<p>zu g) die ebenen Figuren musst du halt kennen! Tipp in der hei\u00dfen BBR-Vorbereitungsphase: belasse es nicht dabei, mal eben auf das richtige zu tippen (&#8220;Mal sehen, vielleicht stimmt&#8217;s ja&#8221;), sondern nimm das als Anregung, dir die ebenen Figuren in der Formelsammlung anzusehen.<\/p>\n\n\n\n<p>zu h) Wieder einmal eine der vielen Prozentaufgaben, diesmal ist der Prozent<strong>satz<\/strong> gefragt. BBR-Vorbereitung mit Strategie: denke \u00fcber Prozentaufgaben nach, n\u00e4mlich: welche Arten gibt es? Meist ist gefragt Prozentwert oder Prozentsatz (nach dem Grundwert wird seltener gefragt). Mache dir dein Vorgehen in beiden F\u00e4llen klar.<\/p>\n\n\n\n<p>zu i) Gl\u00fccksrad: nachdem du schon viele dieser Aufgaben gel\u00f6st hat, hier mal zum Grunds\u00e4tzlichen: wie bei Prozent gibt es haupts\u00e4chlich 2 Aufgabentypen: Mal einen Prozentsatz rausbekommen, mal eine Anzahl. Hier ist die L\u00f6sung wieder das Verh\u00e4ltnis der g\u00fcnstigen Felder (also der W-Felder) zur Gesamtzahl der Felder.<\/p>\n\n\n\n<p>Gib die L\u00f6sung als (gek\u00fcrzten!) Bruch, als Dezimalzahl und als Prozentsatz an!<\/p>\n\n\n\n<p>Spielchen: stell der ein Gl\u00fccksrad mit 36 Feldern vor und auf 24 Feldern steht ein &#8220;W&#8221;. Was ist die L\u00f6sung? F\u00e4llt dir die \u00c4hnlichkeit zur Aufgabe h) auf?<\/p>\n\n\n\n<figure class=\"wp-block-audio\"><audio controls src=\"https:\/\/mathe123.de\/wp-content\/uploads\/2025\/05\/38-1-prozentwert.mp3\"><\/audio><\/figure>\n","protected":false},"excerpt":{"rendered":"<p>Tipps und L\u00f6sungen zu g) die ebenen Figuren musst du halt kennen! Tipp in der hei\u00dfen BBR-Vorbereitungsphase: belasse es nicht dabei, mal eben auf das richtige zu tippen (&#8220;Mal sehen, vielleicht stimmt&#8217;s ja&#8221;), sondern nimm das als Anregung, dir die ebenen Figuren in der Formelsammlung anzusehen. zu h) Wieder einmal eine der vielen Prozentaufgaben, diesmal [&hellip;]<\/p>\n","protected":false},"author":1,"featured_media":0,"parent":0,"menu_order":0,"comment_status":"closed","ping_status":"closed","template":"","meta":{"footnotes":""},"categories":[],"tags":[],"class_list":["post-336","page","type-page","status-publish","hentry"],"blocksy_meta":[],"_links":{"self":[{"href":"https:\/\/mathe123.de\/index.php\/wp-json\/wp\/v2\/pages\/336","targetHints":{"allow":["GET"]}}],"collection":[{"href":"https:\/\/mathe123.de\/index.php\/wp-json\/wp\/v2\/pages"}],"about":[{"href":"https:\/\/mathe123.de\/index.php\/wp-json\/wp\/v2\/types\/page"}],"author":[{"embeddable":true,"href":"https:\/\/mathe123.de\/index.php\/wp-json\/wp\/v2\/users\/1"}],"replies":[{"embeddable":true,"href":"https:\/\/mathe123.de\/index.php\/wp-json\/wp\/v2\/comments?post=336"}],"version-history":[{"count":1,"href":"https:\/\/mathe123.de\/index.php\/wp-json\/wp\/v2\/pages\/336\/revisions"}],"predecessor-version":[{"id":339,"href":"https:\/\/mathe123.de\/index.php\/wp-json\/wp\/v2\/pages\/336\/revisions\/339"}],"wp:attachment":[{"href":"https:\/\/mathe123.de\/index.php\/wp-json\/wp\/v2\/media?parent=336"}],"wp:term":[{"taxonomy":"category","embeddable":true,"href":"https:\/\/mathe123.de\/index.php\/wp-json\/wp\/v2\/categories?post=336"},{"taxonomy":"post_tag","embeddable":true,"href":"https:\/\/mathe123.de\/index.php\/wp-json\/wp\/v2\/tags?post=336"}],"curies":[{"name":"wp","href":"https:\/\/api.w.org\/{rel}","templated":true}]}}