{"id":312,"date":"2025-04-29T18:07:23","date_gmt":"2025-04-29T16:07:23","guid":{"rendered":"https:\/\/mathe123.de\/?page_id=312"},"modified":"2025-04-29T18:07:24","modified_gmt":"2025-04-29T16:07:24","slug":"mathe-snack-35-49-rechteck-und-quader","status":"publish","type":"page","link":"https:\/\/mathe123.de\/index.php\/mathe-snack-35-49-rechteck-und-quader\/","title":{"rendered":"Mathe-Snack 35\/49 Rechteck und Quader"},"content":{"rendered":"\n<p>Heute geht es wieder um K\u00f6rper. Mach nicht nur die Aufgabe, sondern gehe auch den Tipps nach.<\/p>\n\n\n\n<figure class=\"wp-block-image size-full\"><img loading=\"lazy\" decoding=\"async\" width=\"800\" height=\"692\" src=\"https:\/\/mathe123.de\/wp-content\/uploads\/2025\/04\/image-18.png\" alt=\"\" class=\"wp-image-313\" srcset=\"https:\/\/mathe123.de\/wp-content\/uploads\/2025\/04\/image-18.png 800w, https:\/\/mathe123.de\/wp-content\/uploads\/2025\/04\/image-18-300x260.png 300w, https:\/\/mathe123.de\/wp-content\/uploads\/2025\/04\/image-18-768x664.png 768w\" sizes=\"auto, (max-width: 800px) 100vw, 800px\" \/><\/figure>\n\n\n\n<p>Tipps und Erg\u00e4nzungen:<\/p>\n\n\n\n<p>f) Wiederhole Oberfl\u00e4che und Volumen des Quaders. Und auch das Volumen von Prisma und Kegel.<\/p>\n\n\n\n<p>g) Versuche, die Frage zu beantworten, indem du das Rechteck in zwei Dreiecke aufteilst!<\/p>\n\n\n\n<p>Wiederhole mit Blick in die Formalsammlung:<\/p>\n\n\n\n<p>Fl\u00e4che von Rechteck, Trapez, Parallelogramm!<\/p>\n\n\n\n<p>Zeichne dir ein Schr\u00e4gbild eines Quaders, um die Kanten-Frage zu beantworten? Seiten und Kanten, was ist der Unterschied?<\/p>\n","protected":false},"excerpt":{"rendered":"<p>Heute geht es wieder um K\u00f6rper. Mach nicht nur die Aufgabe, sondern gehe auch den Tipps nach. Tipps und Erg\u00e4nzungen: f) Wiederhole Oberfl\u00e4che und Volumen des Quaders. Und auch das Volumen von Prisma und Kegel. g) Versuche, die Frage zu beantworten, indem du das Rechteck in zwei Dreiecke aufteilst! Wiederhole mit Blick in die Formalsammlung: [&hellip;]<\/p>\n","protected":false},"author":1,"featured_media":0,"parent":0,"menu_order":0,"comment_status":"closed","ping_status":"closed","template":"","meta":{"footnotes":""},"categories":[],"tags":[],"class_list":["post-312","page","type-page","status-publish","hentry"],"blocksy_meta":[],"_links":{"self":[{"href":"https:\/\/mathe123.de\/index.php\/wp-json\/wp\/v2\/pages\/312","targetHints":{"allow":["GET"]}}],"collection":[{"href":"https:\/\/mathe123.de\/index.php\/wp-json\/wp\/v2\/pages"}],"about":[{"href":"https:\/\/mathe123.de\/index.php\/wp-json\/wp\/v2\/types\/page"}],"author":[{"embeddable":true,"href":"https:\/\/mathe123.de\/index.php\/wp-json\/wp\/v2\/users\/1"}],"replies":[{"embeddable":true,"href":"https:\/\/mathe123.de\/index.php\/wp-json\/wp\/v2\/comments?post=312"}],"version-history":[{"count":1,"href":"https:\/\/mathe123.de\/index.php\/wp-json\/wp\/v2\/pages\/312\/revisions"}],"predecessor-version":[{"id":314,"href":"https:\/\/mathe123.de\/index.php\/wp-json\/wp\/v2\/pages\/312\/revisions\/314"}],"wp:attachment":[{"href":"https:\/\/mathe123.de\/index.php\/wp-json\/wp\/v2\/media?parent=312"}],"wp:term":[{"taxonomy":"category","embeddable":true,"href":"https:\/\/mathe123.de\/index.php\/wp-json\/wp\/v2\/categories?post=312"},{"taxonomy":"post_tag","embeddable":true,"href":"https:\/\/mathe123.de\/index.php\/wp-json\/wp\/v2\/tags?post=312"}],"curies":[{"name":"wp","href":"https:\/\/api.w.org\/{rel}","templated":true}]}}