{"id":300,"date":"2025-04-28T20:44:32","date_gmt":"2025-04-28T18:44:32","guid":{"rendered":"https:\/\/mathe123.de\/?page_id=300"},"modified":"2025-04-28T20:44:32","modified_gmt":"2025-04-28T18:44:32","slug":"kleines-einmaleins","status":"publish","type":"page","link":"https:\/\/mathe123.de\/index.php\/kleines-einmaleins\/","title":{"rendered":"Kleines Einmaleins"},"content":{"rendered":"\n<p>Das Kleine Einmaleins muss auswendig beherrscht werden, darin sind sich viele Lehrkr\u00e4fte einig, Die Grafiken sind selbsterkl\u00e4rend.<\/p>\n\n\n\n<figure class=\"wp-block-image size-large\"><img loading=\"lazy\" decoding=\"async\" width=\"1024\" height=\"576\" src=\"https:\/\/mathe123.de\/wp-content\/uploads\/2025\/04\/image-10-1024x576.png\" alt=\"Das kleine Einmaleins \u00fcben mit Puzzle\" class=\"wp-image-301\" srcset=\"https:\/\/mathe123.de\/wp-content\/uploads\/2025\/04\/image-10-1024x576.png 1024w, https:\/\/mathe123.de\/wp-content\/uploads\/2025\/04\/image-10-300x169.png 300w, https:\/\/mathe123.de\/wp-content\/uploads\/2025\/04\/image-10-768x432.png 768w, https:\/\/mathe123.de\/wp-content\/uploads\/2025\/04\/image-10-1536x864.png 1536w, https:\/\/mathe123.de\/wp-content\/uploads\/2025\/04\/image-10.png 1600w\" sizes=\"auto, (max-width: 1024px) 100vw, 1024px\" \/><\/figure>\n\n\n\n<p>Das Multiplizieren mit Puzzle ist ein vielseitig verwendbarer, niederschwelliger Einsteiger.<\/p>\n\n\n\n<p>Hier eine kleine Serie zum Kennenlernen der Reihen nacheinander. Die Graphiken wurden in einer Aktion mit ChatGPT erstellt &#8211; <a href=\"https:\/\/edshare.medium.com\/%CF%80-pigeneering-the-future-visualizing-math-and-physics-with-picons-%CF%80-00583dbd0493\">pi-geneering the future.<\/a><\/p>\n\n\n\n<h2 class=\"wp-block-heading\">Das Kleine Einmaleins aufbauen<\/h2>\n\n\n\n<p>Eine Reihe nach der anderen. Im Unterricht sollten alle Reihen verfestigt werden: Quadrate, Zweier- und Vierer-Reihe, Dreier- und Sechser-Reihe, F\u00fcnfer-Reihe &#8211; und schlie\u00dflich die gro\u00dfen und &#8220;schwierigen&#8221;, 7, 8 und 9.<\/p>\n\n\n\n<figure class=\"wp-block-image size-large\"><img loading=\"lazy\" decoding=\"async\" width=\"1024\" height=\"576\" src=\"https:\/\/mathe123.de\/wp-content\/uploads\/2025\/04\/image-11-1024x576.png\" alt=\"\" class=\"wp-image-302\" srcset=\"https:\/\/mathe123.de\/wp-content\/uploads\/2025\/04\/image-11-1024x576.png 1024w, https:\/\/mathe123.de\/wp-content\/uploads\/2025\/04\/image-11-300x169.png 300w, https:\/\/mathe123.de\/wp-content\/uploads\/2025\/04\/image-11-768x432.png 768w, https:\/\/mathe123.de\/wp-content\/uploads\/2025\/04\/image-11-1536x864.png 1536w, https:\/\/mathe123.de\/wp-content\/uploads\/2025\/04\/image-11.png 1600w\" sizes=\"auto, (max-width: 1024px) 100vw, 1024px\" \/><\/figure>\n\n\n\n<figure class=\"wp-block-image size-large\"><img loading=\"lazy\" decoding=\"async\" width=\"1024\" height=\"576\" src=\"https:\/\/mathe123.de\/wp-content\/uploads\/2025\/04\/image-12-1024x576.png\" alt=\"\" class=\"wp-image-303\" srcset=\"https:\/\/mathe123.de\/wp-content\/uploads\/2025\/04\/image-12-1024x576.png 1024w, https:\/\/mathe123.de\/wp-content\/uploads\/2025\/04\/image-12-300x169.png 300w, https:\/\/mathe123.de\/wp-content\/uploads\/2025\/04\/image-12-768x432.png 768w, https:\/\/mathe123.de\/wp-content\/uploads\/2025\/04\/image-12-1536x864.png 1536w, https:\/\/mathe123.de\/wp-content\/uploads\/2025\/04\/image-12.png 1600w\" sizes=\"auto, (max-width: 1024px) 100vw, 1024px\" \/><\/figure>\n\n\n\n<figure class=\"wp-block-image size-large\"><img loading=\"lazy\" decoding=\"async\" width=\"1024\" height=\"576\" src=\"https:\/\/mathe123.de\/wp-content\/uploads\/2025\/04\/image-13-1024x576.png\" alt=\"\" class=\"wp-image-304\" srcset=\"https:\/\/mathe123.de\/wp-content\/uploads\/2025\/04\/image-13-1024x576.png 1024w, https:\/\/mathe123.de\/wp-content\/uploads\/2025\/04\/image-13-300x169.png 300w, https:\/\/mathe123.de\/wp-content\/uploads\/2025\/04\/image-13-768x432.png 768w, https:\/\/mathe123.de\/wp-content\/uploads\/2025\/04\/image-13-1536x864.png 1536w, https:\/\/mathe123.de\/wp-content\/uploads\/2025\/04\/image-13.png 1600w\" sizes=\"auto, (max-width: 1024px) 100vw, 1024px\" \/><\/figure>\n\n\n\n<figure class=\"wp-block-image size-large\"><img loading=\"lazy\" decoding=\"async\" width=\"1024\" height=\"576\" src=\"https:\/\/mathe123.de\/wp-content\/uploads\/2025\/04\/image-14-1024x576.png\" alt=\"\" class=\"wp-image-305\" srcset=\"https:\/\/mathe123.de\/wp-content\/uploads\/2025\/04\/image-14-1024x576.png 1024w, https:\/\/mathe123.de\/wp-content\/uploads\/2025\/04\/image-14-300x169.png 300w, https:\/\/mathe123.de\/wp-content\/uploads\/2025\/04\/image-14-768x432.png 768w, https:\/\/mathe123.de\/wp-content\/uploads\/2025\/04\/image-14-1536x864.png 1536w, https:\/\/mathe123.de\/wp-content\/uploads\/2025\/04\/image-14.png 1600w\" sizes=\"auto, (max-width: 1024px) 100vw, 1024px\" \/><\/figure>\n\n\n\n<figure class=\"wp-block-image size-large\"><img loading=\"lazy\" decoding=\"async\" width=\"1024\" height=\"576\" src=\"https:\/\/mathe123.de\/wp-content\/uploads\/2025\/04\/image-15-1024x576.png\" alt=\"\" class=\"wp-image-306\" srcset=\"https:\/\/mathe123.de\/wp-content\/uploads\/2025\/04\/image-15-1024x576.png 1024w, https:\/\/mathe123.de\/wp-content\/uploads\/2025\/04\/image-15-300x169.png 300w, https:\/\/mathe123.de\/wp-content\/uploads\/2025\/04\/image-15-768x432.png 768w, https:\/\/mathe123.de\/wp-content\/uploads\/2025\/04\/image-15-1536x864.png 1536w, https:\/\/mathe123.de\/wp-content\/uploads\/2025\/04\/image-15.png 1600w\" sizes=\"auto, (max-width: 1024px) 100vw, 1024px\" \/><\/figure>\n\n\n\n<figure class=\"wp-block-image size-large\"><img loading=\"lazy\" decoding=\"async\" width=\"1024\" height=\"576\" src=\"https:\/\/mathe123.de\/wp-content\/uploads\/2025\/04\/image-16-1024x576.png\" alt=\"\" class=\"wp-image-307\" srcset=\"https:\/\/mathe123.de\/wp-content\/uploads\/2025\/04\/image-16-1024x576.png 1024w, https:\/\/mathe123.de\/wp-content\/uploads\/2025\/04\/image-16-300x169.png 300w, https:\/\/mathe123.de\/wp-content\/uploads\/2025\/04\/image-16-768x432.png 768w, https:\/\/mathe123.de\/wp-content\/uploads\/2025\/04\/image-16-1536x864.png 1536w, https:\/\/mathe123.de\/wp-content\/uploads\/2025\/04\/image-16.png 1600w\" sizes=\"auto, (max-width: 1024px) 100vw, 1024px\" \/><\/figure>\n\n\n\n<h2 class=\"wp-block-heading\">Das Kleine Einmaleins \u00fcben<\/h2>\n\n\n\n<p>Dazu eignet sich die Web-App <a href=\"https:\/\/schlau.app\/\">schlau.app.<\/a> Direktlink zum Kleinen Einmaleins: <a href=\"https:\/\/schlau.app\/?atype=times\">https:\/\/schlau.app\/?atype=times<\/a><\/p>\n\n\n\n<figure class=\"wp-block-image aligncenter size-full\"><img loading=\"lazy\" decoding=\"async\" width=\"642\" height=\"515\" src=\"https:\/\/mathe123.de\/wp-content\/uploads\/2025\/04\/image-17.png\" alt=\"\" class=\"wp-image-308\" srcset=\"https:\/\/mathe123.de\/wp-content\/uploads\/2025\/04\/image-17.png 642w, https:\/\/mathe123.de\/wp-content\/uploads\/2025\/04\/image-17-300x241.png 300w\" sizes=\"auto, (max-width: 642px) 100vw, 642px\" \/><figcaption class=\"wp-element-caption\"><a href=\"https:\/\/schlau.app\/?atype=times\">schlau.app &#8211; Rechenart Kleines Einmaleins<\/a><\/figcaption><\/figure>\n\n\n\n<p><\/p>\n","protected":false},"excerpt":{"rendered":"<p>Das Kleine Einmaleins muss auswendig beherrscht werden, darin sind sich viele Lehrkr\u00e4fte einig, Die Grafiken sind selbsterkl\u00e4rend. Das Multiplizieren mit Puzzle ist ein vielseitig verwendbarer, niederschwelliger Einsteiger. Hier eine kleine Serie zum Kennenlernen der Reihen nacheinander. Die Graphiken wurden in einer Aktion mit ChatGPT erstellt &#8211; pi-geneering the future. Das Kleine Einmaleins aufbauen Eine Reihe [&hellip;]<\/p>\n","protected":false},"author":1,"featured_media":0,"parent":0,"menu_order":0,"comment_status":"closed","ping_status":"closed","template":"","meta":{"footnotes":""},"categories":[],"tags":[],"class_list":["post-300","page","type-page","status-publish","hentry"],"blocksy_meta":[],"_links":{"self":[{"href":"https:\/\/mathe123.de\/index.php\/wp-json\/wp\/v2\/pages\/300","targetHints":{"allow":["GET"]}}],"collection":[{"href":"https:\/\/mathe123.de\/index.php\/wp-json\/wp\/v2\/pages"}],"about":[{"href":"https:\/\/mathe123.de\/index.php\/wp-json\/wp\/v2\/types\/page"}],"author":[{"embeddable":true,"href":"https:\/\/mathe123.de\/index.php\/wp-json\/wp\/v2\/users\/1"}],"replies":[{"embeddable":true,"href":"https:\/\/mathe123.de\/index.php\/wp-json\/wp\/v2\/comments?post=300"}],"version-history":[{"count":1,"href":"https:\/\/mathe123.de\/index.php\/wp-json\/wp\/v2\/pages\/300\/revisions"}],"predecessor-version":[{"id":309,"href":"https:\/\/mathe123.de\/index.php\/wp-json\/wp\/v2\/pages\/300\/revisions\/309"}],"wp:attachment":[{"href":"https:\/\/mathe123.de\/index.php\/wp-json\/wp\/v2\/media?parent=300"}],"wp:term":[{"taxonomy":"category","embeddable":true,"href":"https:\/\/mathe123.de\/index.php\/wp-json\/wp\/v2\/categories?post=300"},{"taxonomy":"post_tag","embeddable":true,"href":"https:\/\/mathe123.de\/index.php\/wp-json\/wp\/v2\/tags?post=300"}],"curies":[{"name":"wp","href":"https:\/\/api.w.org\/{rel}","templated":true}]}}