{"id":280,"date":"2025-04-28T13:18:55","date_gmt":"2025-04-28T11:18:55","guid":{"rendered":"https:\/\/mathe123.de\/?page_id=280"},"modified":"2025-05-02T17:12:38","modified_gmt":"2025-05-02T15:12:38","slug":"mathe-snack-34-49-drei-prozentknaller-teste-dich-mit-diesen-aufgaben","status":"publish","type":"page","link":"https:\/\/mathe123.de\/index.php\/mathe-snack-34-49-drei-prozentknaller-teste-dich-mit-diesen-aufgaben\/","title":{"rendered":"Mathe-Snack 34\/49 Drei Prozentknaller &#8211; Teste dich mit diesen Aufgaben"},"content":{"rendered":"\n<p>Drei Basisaufgaben mit denen du Grund\u00fcberlegungen testen kannst.<\/p>\n\n\n\n<figure class=\"wp-block-image size-full\"><img loading=\"lazy\" decoding=\"async\" width=\"800\" height=\"600\" src=\"https:\/\/mathe123.de\/wp-content\/uploads\/2025\/04\/image-43.jpeg\" alt=\"\" class=\"wp-image-282\" srcset=\"https:\/\/mathe123.de\/wp-content\/uploads\/2025\/04\/image-43.jpeg 800w, https:\/\/mathe123.de\/wp-content\/uploads\/2025\/04\/image-43-300x225.jpeg 300w, https:\/\/mathe123.de\/wp-content\/uploads\/2025\/04\/image-43-768x576.jpeg 768w\" sizes=\"auto, (max-width: 800px) 100vw, 800px\" \/><\/figure>\n\n\n\n<p>H\u00f6re die L\u00f6sungen erst, wenn du dir wirklich nicht sicher bist.<\/p>\n\n\n\n<figure class=\"wp-block-audio\"><audio controls src=\"https:\/\/mathe123.de\/wp-content\/uploads\/2025\/04\/34-1-hosen-kaufen.mp3\"><\/audio><figcaption class=\"wp-element-caption\">Hosen kaufen<\/figcaption><\/figure>\n\n\n\n<figure class=\"wp-block-audio\"><audio controls src=\"https:\/\/mathe123.de\/wp-content\/uploads\/2025\/04\/34-2-jeans-kaufen.mp3\"><\/audio><figcaption class=\"wp-element-caption\">Nochmals Hosen kaufen<\/figcaption><\/figure>\n\n\n\n<figure class=\"wp-block-audio\"><audio controls src=\"https:\/\/mathe123.de\/wp-content\/uploads\/2025\/04\/34-3-langlauf.mp3\"><\/audio><figcaption class=\"wp-element-caption\">Wie viele schaffen es beim gef\u00fcrchteten Langlauf-Rennen bis zum Ziel?<\/figcaption><\/figure>\n","protected":false},"excerpt":{"rendered":"<p>Drei Basisaufgaben mit denen du Grund\u00fcberlegungen testen kannst. H\u00f6re die L\u00f6sungen erst, wenn du dir wirklich nicht sicher bist.<\/p>\n","protected":false},"author":1,"featured_media":0,"parent":0,"menu_order":0,"comment_status":"closed","ping_status":"closed","template":"","meta":{"footnotes":""},"categories":[],"tags":[],"class_list":["post-280","page","type-page","status-publish","hentry"],"blocksy_meta":[],"_links":{"self":[{"href":"https:\/\/mathe123.de\/index.php\/wp-json\/wp\/v2\/pages\/280","targetHints":{"allow":["GET"]}}],"collection":[{"href":"https:\/\/mathe123.de\/index.php\/wp-json\/wp\/v2\/pages"}],"about":[{"href":"https:\/\/mathe123.de\/index.php\/wp-json\/wp\/v2\/types\/page"}],"author":[{"embeddable":true,"href":"https:\/\/mathe123.de\/index.php\/wp-json\/wp\/v2\/users\/1"}],"replies":[{"embeddable":true,"href":"https:\/\/mathe123.de\/index.php\/wp-json\/wp\/v2\/comments?post=280"}],"version-history":[{"count":1,"href":"https:\/\/mathe123.de\/index.php\/wp-json\/wp\/v2\/pages\/280\/revisions"}],"predecessor-version":[{"id":286,"href":"https:\/\/mathe123.de\/index.php\/wp-json\/wp\/v2\/pages\/280\/revisions\/286"}],"wp:attachment":[{"href":"https:\/\/mathe123.de\/index.php\/wp-json\/wp\/v2\/media?parent=280"}],"wp:term":[{"taxonomy":"category","embeddable":true,"href":"https:\/\/mathe123.de\/index.php\/wp-json\/wp\/v2\/categories?post=280"},{"taxonomy":"post_tag","embeddable":true,"href":"https:\/\/mathe123.de\/index.php\/wp-json\/wp\/v2\/tags?post=280"}],"curies":[{"name":"wp","href":"https:\/\/api.w.org\/{rel}","templated":true}]}}