{"id":276,"date":"2025-04-28T13:13:33","date_gmt":"2025-04-28T11:13:33","guid":{"rendered":"https:\/\/mathe123.de\/?page_id=276"},"modified":"2025-04-28T13:13:33","modified_gmt":"2025-04-28T11:13:33","slug":"mathe-snack-33-49-leberwurst-und-energiesparlampen","status":"publish","type":"page","link":"https:\/\/mathe123.de\/index.php\/mathe-snack-33-49-leberwurst-und-energiesparlampen\/","title":{"rendered":"Mathe-Snack 33\/49 Leberwurst und Energiesparlampen"},"content":{"rendered":"\n<p>Hier drei Basisaufgaben. Unten gibt es Tipps, um noch etwas mehr daraus zu lernen.<\/p>\n\n\n\n<figure class=\"wp-block-image size-full\"><img loading=\"lazy\" decoding=\"async\" width=\"800\" height=\"409\" src=\"https:\/\/mathe123.de\/wp-content\/uploads\/2025\/04\/image-42.jpeg\" alt=\"\" class=\"wp-image-278\" srcset=\"https:\/\/mathe123.de\/wp-content\/uploads\/2025\/04\/image-42.jpeg 800w, https:\/\/mathe123.de\/wp-content\/uploads\/2025\/04\/image-42-300x153.jpeg 300w, https:\/\/mathe123.de\/wp-content\/uploads\/2025\/04\/image-42-768x393.jpeg 768w\" sizes=\"auto, (max-width: 800px) 100vw, 800px\" \/><\/figure>\n\n\n\n<p>Erstmal Geometrie, Aufgabe e)<\/p>\n\n\n\n<p>Parallelgramm-Aufgaben sind immer einfach, wenn du es einmal gecheckt hast. \u00dcberlege dir folgendes<\/p>\n\n\n\n<ul class=\"wp-block-list\">\n<li>Was ist die Winkelsumme im Viereck?<\/li>\n\n\n\n<li>Gibt es im Parallelogramm gleiche Winkel? Wie liegen die?<\/li>\n\n\n\n<li>Gegeben ist der Winkel alpha &#8211; wie gro\u00df ist dann Beta<\/li>\n\n\n\n<li>Verl\u00e4ngere die Grundlinie \u00fcber die Ecken hinaus &#8211; kannst du irgendwo Nebenwinkel und Stufenwinkel erkennen?<\/li>\n<\/ul>\n\n\n\n<p>Wichtig: spare dir nicht die M\u00fche, zeichne ein Parallelogramm!<\/p>\n\n\n\n<p>Bei den Aufgaben d) und f) geht es jedesmal um Anteile! \u00dcberlege dir jeweils die <strong>Checker-Variante<\/strong>, dann kannst du das Thema wirklich.<\/p>\n\n\n\n<p>Leberwurst: 30g von 100g ist ein Anteil von 0,3 oder 30%<\/p>\n\n\n\n<p>Also k\u00f6nnte die Frage auch lauten: was sind 30% von 20g? Nat\u00fcrlich 20g * 0,30, oder? Diese Prozentrechnung musst du automatisiert k\u00f6nnen.<\/p>\n\n\n\n<p><strong>Checker-Variante: <\/strong>Ersetze den ersten Satz durch &#8220;1 Pfund Leberwurst (1 halbes Kilogramm) enth\u00e4lt 150g Fett&#8221;<\/p>\n\n\n\n<p>Energiesparlampen:<\/p>\n\n\n\n<p>5 von 100 kaputt, es sind also 5% kaput. Also die relative H\u00e4ufigkeit der Kaputten betr\u00e4gt 5% oder auch 0,05<\/p>\n\n\n\n<p>Und diese relative H\u00e4ufigkeit ist schon die Wahrscheinlichkeit, also das Ergebnis!<\/p>\n\n\n\n<p><strong>Checker Variante:<\/strong> &#8220;Ein Test von 3200 Energiesparlampen hat 64 Kaputte ergeben. Wenn ich aus einer Kiste mit 1000 eine rausnehme, mit welcher Wahrscheinlichkeit ist sie kaputt?<\/p>\n\n\n\n<p>(Super-Checker-Frage: kommt es eigentlich darauf an, wie gro\u00df die Kiste ist?)<\/p>\n","protected":false},"excerpt":{"rendered":"<p>Hier drei Basisaufgaben. Unten gibt es Tipps, um noch etwas mehr daraus zu lernen. Erstmal Geometrie, Aufgabe e) Parallelgramm-Aufgaben sind immer einfach, wenn du es einmal gecheckt hast. \u00dcberlege dir folgendes Wichtig: spare dir nicht die M\u00fche, zeichne ein Parallelogramm! Bei den Aufgaben d) und f) geht es jedesmal um Anteile! \u00dcberlege dir jeweils die [&hellip;]<\/p>\n","protected":false},"author":1,"featured_media":0,"parent":0,"menu_order":0,"comment_status":"closed","ping_status":"closed","template":"","meta":{"footnotes":""},"categories":[],"tags":[],"class_list":["post-276","page","type-page","status-publish","hentry"],"blocksy_meta":[],"_links":{"self":[{"href":"https:\/\/mathe123.de\/index.php\/wp-json\/wp\/v2\/pages\/276","targetHints":{"allow":["GET"]}}],"collection":[{"href":"https:\/\/mathe123.de\/index.php\/wp-json\/wp\/v2\/pages"}],"about":[{"href":"https:\/\/mathe123.de\/index.php\/wp-json\/wp\/v2\/types\/page"}],"author":[{"embeddable":true,"href":"https:\/\/mathe123.de\/index.php\/wp-json\/wp\/v2\/users\/1"}],"replies":[{"embeddable":true,"href":"https:\/\/mathe123.de\/index.php\/wp-json\/wp\/v2\/comments?post=276"}],"version-history":[{"count":1,"href":"https:\/\/mathe123.de\/index.php\/wp-json\/wp\/v2\/pages\/276\/revisions"}],"predecessor-version":[{"id":279,"href":"https:\/\/mathe123.de\/index.php\/wp-json\/wp\/v2\/pages\/276\/revisions\/279"}],"wp:attachment":[{"href":"https:\/\/mathe123.de\/index.php\/wp-json\/wp\/v2\/media?parent=276"}],"wp:term":[{"taxonomy":"category","embeddable":true,"href":"https:\/\/mathe123.de\/index.php\/wp-json\/wp\/v2\/categories?post=276"},{"taxonomy":"post_tag","embeddable":true,"href":"https:\/\/mathe123.de\/index.php\/wp-json\/wp\/v2\/tags?post=276"}],"curies":[{"name":"wp","href":"https:\/\/api.w.org\/{rel}","templated":true}]}}