{"id":252,"date":"2025-04-26T13:18:18","date_gmt":"2025-04-26T11:18:18","guid":{"rendered":"https:\/\/mathe123.de\/?page_id=252"},"modified":"2025-04-26T13:18:18","modified_gmt":"2025-04-26T11:18:18","slug":"mathe-snack-31-49-vergleichsaufgabe-einheiten-wichtiger-lern-tipp","status":"publish","type":"page","link":"https:\/\/mathe123.de\/index.php\/mathe-snack-31-49-vergleichsaufgabe-einheiten-wichtiger-lern-tipp\/","title":{"rendered":"Mathe-Snack 31\/49 &#8211; Vergleichsaufgabe, Einheiten &amp; wichtiger Lern-Tipp"},"content":{"rendered":"\n<p>Lerne diesen Aufgabentyp mit Strategie! Unten ein Tipp wie du solche Aufgaben absicherst.<\/p>\n\n\n\n<figure class=\"wp-block-image size-full\"><img loading=\"lazy\" decoding=\"async\" width=\"765\" height=\"800\" src=\"https:\/\/mathe123.de\/wp-content\/uploads\/2025\/04\/image-39.jpeg\" alt=\"\" class=\"wp-image-253\" srcset=\"https:\/\/mathe123.de\/wp-content\/uploads\/2025\/04\/image-39.jpeg 765w, https:\/\/mathe123.de\/wp-content\/uploads\/2025\/04\/image-39-287x300.jpeg 287w\" sizes=\"auto, (max-width: 765px) 100vw, 765px\" \/><\/figure>\n\n\n\n<p>Hier der wichtige Lerntipp;<\/p>\n\n\n\n<p>Finde heraus, was f\u00fcr Aufgaben dieser Art es gibt!<\/p>\n\n\n\n<p>Es sind immer Vergleichsaufgaben, d.h. du musst Gr\u00f6\u00dfen, die in verschiedenen Einheiten angegeben sind, vergleichen.<\/p>\n\n\n\n<ul class=\"wp-block-list\">\n<li>Z.B. L\u00e4ngen, wie in dieser Aufgabe! Dazu musst du wissen, wie man L\u00e4ngen umrechnet. Wiederhole das, von mm bis km, rauf und runter!<\/li>\n\n\n\n<li>Z.B. Massen bzw. sagt man Gewichte, aber strenggenommen sind es Massen, wie du aus Physik wei\u00dft: Also hier Gramm, kg, Tonne &#8211; alles wiederholen und \u00fcben!<\/li>\n\n\n\n<li>Z.B. Volumina und Fl\u00e4chen. Beim Volumen ist immer wichtig: Kubikzentimeter und Liter, wie rechnest du um. Stell dir vor, dir fehlt dieser Punkt zum BBR-Erfolg, was f\u00fcr eine <strong>Schande<\/strong> w\u00e4re das.<\/li>\n\n\n\n<li>Z.B. Zeiten, von Sekunde bis Jahr. Alles umrechnen k\u00f6nnen!<\/li>\n<\/ul>\n\n\n\n<p>Sei also schlau wie die BBR-Macher beim Senat: die suchen sich bei fast jedem BBR eine dieser Vergleichsaufgaben raus, um dich damit zu \u00e4rgern. Also: steh dr\u00fcber!<\/p>\n","protected":false},"excerpt":{"rendered":"<p>Lerne diesen Aufgabentyp mit Strategie! Unten ein Tipp wie du solche Aufgaben absicherst. Hier der wichtige Lerntipp; Finde heraus, was f\u00fcr Aufgaben dieser Art es gibt! Es sind immer Vergleichsaufgaben, d.h. du musst Gr\u00f6\u00dfen, die in verschiedenen Einheiten angegeben sind, vergleichen. Sei also schlau wie die BBR-Macher beim Senat: die suchen sich bei fast jedem [&hellip;]<\/p>\n","protected":false},"author":1,"featured_media":0,"parent":0,"menu_order":0,"comment_status":"closed","ping_status":"closed","template":"","meta":{"footnotes":""},"categories":[],"tags":[],"class_list":["post-252","page","type-page","status-publish","hentry"],"blocksy_meta":[],"_links":{"self":[{"href":"https:\/\/mathe123.de\/index.php\/wp-json\/wp\/v2\/pages\/252","targetHints":{"allow":["GET"]}}],"collection":[{"href":"https:\/\/mathe123.de\/index.php\/wp-json\/wp\/v2\/pages"}],"about":[{"href":"https:\/\/mathe123.de\/index.php\/wp-json\/wp\/v2\/types\/page"}],"author":[{"embeddable":true,"href":"https:\/\/mathe123.de\/index.php\/wp-json\/wp\/v2\/users\/1"}],"replies":[{"embeddable":true,"href":"https:\/\/mathe123.de\/index.php\/wp-json\/wp\/v2\/comments?post=252"}],"version-history":[{"count":1,"href":"https:\/\/mathe123.de\/index.php\/wp-json\/wp\/v2\/pages\/252\/revisions"}],"predecessor-version":[{"id":254,"href":"https:\/\/mathe123.de\/index.php\/wp-json\/wp\/v2\/pages\/252\/revisions\/254"}],"wp:attachment":[{"href":"https:\/\/mathe123.de\/index.php\/wp-json\/wp\/v2\/media?parent=252"}],"wp:term":[{"taxonomy":"category","embeddable":true,"href":"https:\/\/mathe123.de\/index.php\/wp-json\/wp\/v2\/categories?post=252"},{"taxonomy":"post_tag","embeddable":true,"href":"https:\/\/mathe123.de\/index.php\/wp-json\/wp\/v2\/tags?post=252"}],"curies":[{"name":"wp","href":"https:\/\/api.w.org\/{rel}","templated":true}]}}