{"id":247,"date":"2025-04-26T13:13:14","date_gmt":"2025-04-26T11:13:14","guid":{"rendered":"https:\/\/mathe123.de\/?page_id=247"},"modified":"2025-04-26T13:13:14","modified_gmt":"2025-04-26T11:13:14","slug":"mathe-snack-30-49-wichtige-basis-ubung-korpernetze-wurfel","status":"publish","type":"page","link":"https:\/\/mathe123.de\/index.php\/mathe-snack-30-49-wichtige-basis-ubung-korpernetze-wurfel\/","title":{"rendered":"Mathe-Snack 30\/49 Wichtige Basis-\u00dcbung: K\u00f6rpernetze W\u00fcrfel"},"content":{"rendered":"\n<p>Lass dich auf diese etwas m\u00fchevolle \u00dcbung ein und stelle dir das Falten der K\u00f6pernetze vor. Noch besser: zeichne sie, schneide aus und falte dann.\u00a0<\/p>\n\n\n\n<figure class=\"wp-block-image size-full\"><img loading=\"lazy\" decoding=\"async\" width=\"800\" height=\"682\" src=\"https:\/\/mathe123.de\/wp-content\/uploads\/2025\/04\/image-37.jpeg\" alt=\"\" class=\"wp-image-248\" srcset=\"https:\/\/mathe123.de\/wp-content\/uploads\/2025\/04\/image-37.jpeg 800w, https:\/\/mathe123.de\/wp-content\/uploads\/2025\/04\/image-37-300x256.jpeg 300w, https:\/\/mathe123.de\/wp-content\/uploads\/2025\/04\/image-37-768x655.jpeg 768w\" sizes=\"auto, (max-width: 800px) 100vw, 800px\" \/><\/figure>\n\n\n\n<p>Bei der Dreiecksaufgabe zeichne das Dreieck mit korrekter Beschriftung, schau erst dann in der Formelsammlung nach. Was f\u00fcr ein Dreieck ist es? Welcher Satz gilt dann?<\/p>\n","protected":false},"excerpt":{"rendered":"<p>Lass dich auf diese etwas m\u00fchevolle \u00dcbung ein und stelle dir das Falten der K\u00f6pernetze vor. Noch besser: zeichne sie, schneide aus und falte dann.\u00a0 Bei der Dreiecksaufgabe zeichne das Dreieck mit korrekter Beschriftung, schau erst dann in der Formelsammlung nach. Was f\u00fcr ein Dreieck ist es? Welcher Satz gilt dann?<\/p>\n","protected":false},"author":1,"featured_media":0,"parent":0,"menu_order":0,"comment_status":"closed","ping_status":"closed","template":"","meta":{"footnotes":""},"categories":[],"tags":[],"class_list":["post-247","page","type-page","status-publish","hentry"],"blocksy_meta":[],"_links":{"self":[{"href":"https:\/\/mathe123.de\/index.php\/wp-json\/wp\/v2\/pages\/247","targetHints":{"allow":["GET"]}}],"collection":[{"href":"https:\/\/mathe123.de\/index.php\/wp-json\/wp\/v2\/pages"}],"about":[{"href":"https:\/\/mathe123.de\/index.php\/wp-json\/wp\/v2\/types\/page"}],"author":[{"embeddable":true,"href":"https:\/\/mathe123.de\/index.php\/wp-json\/wp\/v2\/users\/1"}],"replies":[{"embeddable":true,"href":"https:\/\/mathe123.de\/index.php\/wp-json\/wp\/v2\/comments?post=247"}],"version-history":[{"count":1,"href":"https:\/\/mathe123.de\/index.php\/wp-json\/wp\/v2\/pages\/247\/revisions"}],"predecessor-version":[{"id":249,"href":"https:\/\/mathe123.de\/index.php\/wp-json\/wp\/v2\/pages\/247\/revisions\/249"}],"wp:attachment":[{"href":"https:\/\/mathe123.de\/index.php\/wp-json\/wp\/v2\/media?parent=247"}],"wp:term":[{"taxonomy":"category","embeddable":true,"href":"https:\/\/mathe123.de\/index.php\/wp-json\/wp\/v2\/categories?post=247"},{"taxonomy":"post_tag","embeddable":true,"href":"https:\/\/mathe123.de\/index.php\/wp-json\/wp\/v2\/tags?post=247"}],"curies":[{"name":"wp","href":"https:\/\/api.w.org\/{rel}","templated":true}]}}