{"id":228,"date":"2025-04-26T12:24:39","date_gmt":"2025-04-26T10:24:39","guid":{"rendered":"https:\/\/mathe123.de\/?page_id=228"},"modified":"2025-04-26T12:24:40","modified_gmt":"2025-04-26T10:24:40","slug":"mathe-snack-27-49-komplette-quader-story-volumen-oberflache-korpernetz-punktebringer","status":"publish","type":"page","link":"https:\/\/mathe123.de\/index.php\/mathe-snack-27-49-komplette-quader-story-volumen-oberflache-korpernetz-punktebringer\/","title":{"rendered":"Mathe-Snack 27\/49 Komplette Quader-Story: Volumen, Oberfl\u00e4che, K\u00f6rpernetz. Punktebringer!"},"content":{"rendered":"\n<p>Die gesamte Aufgabe bringt 9 Punkte und die kannst du dir komplett holen.<\/p>\n\n\n\n<figure class=\"wp-block-image size-full\"><img loading=\"lazy\" decoding=\"async\" width=\"800\" height=\"766\" src=\"https:\/\/mathe123.de\/wp-content\/uploads\/2025\/04\/image-28.jpeg\" alt=\"\" class=\"wp-image-230\" srcset=\"https:\/\/mathe123.de\/wp-content\/uploads\/2025\/04\/image-28.jpeg 800w, https:\/\/mathe123.de\/wp-content\/uploads\/2025\/04\/image-28-300x287.jpeg 300w, https:\/\/mathe123.de\/wp-content\/uploads\/2025\/04\/image-28-768x735.jpeg 768w\" sizes=\"auto, (max-width: 800px) 100vw, 800px\" \/><\/figure>\n\n\n\n<p>L\u00f6se diese Aufgabe mit Plan:<\/p>\n\n\n\n<ul class=\"wp-block-list\">\n<li>Zeichne dir zur \u00dcbung das Schr\u00e4gbild ab, im Ma\u00dfstab 1:10, d.h. die 68 cm sind 6,8 cm auf deinem Papier<\/li>\n\n\n\n<li>Zeichne jetzt, am besten neues Blatt, Platz um die Zeichnung, diese beiden Fl\u00e4chen ma\u00dfst\u00e4blich.<\/li>\n\n\n\n<li>Zeichne auch die Ma\u00dfe ein, dann checkst du leichter, welche Kante im Schr\u00e4gbild zu welcher Kante im Netz geh\u00f6rt<\/li>\n\n\n\n<li>Zeichne jetzt das K\u00f6rpernetz<\/li>\n\n\n\n<li>\u00dcbung: mache dir Gedanken, ob es mehrere richtige K\u00f6rpernetze gibt und probiere was aus!<\/li>\n<\/ul>\n\n\n\n<figure class=\"wp-block-image size-full\"><img loading=\"lazy\" decoding=\"async\" width=\"800\" height=\"148\" src=\"https:\/\/mathe123.de\/wp-content\/uploads\/2025\/04\/image-27.jpeg\" alt=\"\" class=\"wp-image-229\" srcset=\"https:\/\/mathe123.de\/wp-content\/uploads\/2025\/04\/image-27.jpeg 800w, https:\/\/mathe123.de\/wp-content\/uploads\/2025\/04\/image-27-300x56.jpeg 300w, https:\/\/mathe123.de\/wp-content\/uploads\/2025\/04\/image-27-768x142.jpeg 768w\" sizes=\"auto, (max-width: 800px) 100vw, 800px\" \/><\/figure>\n\n\n\n<p>Du kannst jetzt alle Fl\u00e4chen ausrechnen und zusammenrechnen.<\/p>\n\n\n\n<p>\u00dcbung: schau in der Formelsammlung nach und dann bezeichne die Kanten des Quaders mit a, b, c. Schreibe dann die Formel hin und setze die Werte ein. Schau nach, ob das Ergebnis zu dem passt, was du ausgerechnet hast.<\/p>\n\n\n\n<figure class=\"wp-block-image size-full\"><img loading=\"lazy\" decoding=\"async\" width=\"800\" height=\"351\" src=\"https:\/\/mathe123.de\/wp-content\/uploads\/2025\/04\/image-29.jpeg\" alt=\"\" class=\"wp-image-231\" srcset=\"https:\/\/mathe123.de\/wp-content\/uploads\/2025\/04\/image-29.jpeg 800w, https:\/\/mathe123.de\/wp-content\/uploads\/2025\/04\/image-29-300x132.jpeg 300w, https:\/\/mathe123.de\/wp-content\/uploads\/2025\/04\/image-29-768x337.jpeg 768w\" sizes=\"auto, (max-width: 800px) 100vw, 800px\" \/><\/figure>\n\n\n\n<p><\/p>\n","protected":false},"excerpt":{"rendered":"<p>Die gesamte Aufgabe bringt 9 Punkte und die kannst du dir komplett holen. L\u00f6se diese Aufgabe mit Plan: Du kannst jetzt alle Fl\u00e4chen ausrechnen und zusammenrechnen. \u00dcbung: schau in der Formelsammlung nach und dann bezeichne die Kanten des Quaders mit a, b, c. Schreibe dann die Formel hin und setze die Werte ein. Schau nach, [&hellip;]<\/p>\n","protected":false},"author":1,"featured_media":0,"parent":0,"menu_order":0,"comment_status":"closed","ping_status":"closed","template":"","meta":{"footnotes":""},"categories":[],"tags":[],"class_list":["post-228","page","type-page","status-publish","hentry"],"blocksy_meta":[],"_links":{"self":[{"href":"https:\/\/mathe123.de\/index.php\/wp-json\/wp\/v2\/pages\/228","targetHints":{"allow":["GET"]}}],"collection":[{"href":"https:\/\/mathe123.de\/index.php\/wp-json\/wp\/v2\/pages"}],"about":[{"href":"https:\/\/mathe123.de\/index.php\/wp-json\/wp\/v2\/types\/page"}],"author":[{"embeddable":true,"href":"https:\/\/mathe123.de\/index.php\/wp-json\/wp\/v2\/users\/1"}],"replies":[{"embeddable":true,"href":"https:\/\/mathe123.de\/index.php\/wp-json\/wp\/v2\/comments?post=228"}],"version-history":[{"count":1,"href":"https:\/\/mathe123.de\/index.php\/wp-json\/wp\/v2\/pages\/228\/revisions"}],"predecessor-version":[{"id":232,"href":"https:\/\/mathe123.de\/index.php\/wp-json\/wp\/v2\/pages\/228\/revisions\/232"}],"wp:attachment":[{"href":"https:\/\/mathe123.de\/index.php\/wp-json\/wp\/v2\/media?parent=228"}],"wp:term":[{"taxonomy":"category","embeddable":true,"href":"https:\/\/mathe123.de\/index.php\/wp-json\/wp\/v2\/categories?post=228"},{"taxonomy":"post_tag","embeddable":true,"href":"https:\/\/mathe123.de\/index.php\/wp-json\/wp\/v2\/tags?post=228"}],"curies":[{"name":"wp","href":"https:\/\/api.w.org\/{rel}","templated":true}]}}