{"id":222,"date":"2025-04-26T12:22:07","date_gmt":"2025-04-26T10:22:07","guid":{"rendered":"https:\/\/mathe123.de\/?page_id=222"},"modified":"2025-04-26T12:22:07","modified_gmt":"2025-04-26T10:22:07","slug":"mathe-snack-26-49-drei-einfache-aber-bedenkenswerte-basisaufgaben","status":"publish","type":"page","link":"https:\/\/mathe123.de\/index.php\/mathe-snack-26-49-drei-einfache-aber-bedenkenswerte-basisaufgaben\/","title":{"rendered":"Mathe-Snack 26\/49 Drei einfache, aber bedenkenswerte Basisaufgaben"},"content":{"rendered":"\n<p>Es lohnt sich, diese Aufgaben perfekt zu verstehen. d) und e) sind n\u00e4mlich die grundlegenden Umstellungen, die jeder k\u00f6nnen muss, und ein Bonus ist auch dabei: das Distributivgesetz.<\/p>\n\n\n\n<figure class=\"wp-block-image size-full\"><img loading=\"lazy\" decoding=\"async\" width=\"800\" height=\"639\" src=\"https:\/\/mathe123.de\/wp-content\/uploads\/2025\/04\/image-26.jpeg\" alt=\"\" class=\"wp-image-223\" srcset=\"https:\/\/mathe123.de\/wp-content\/uploads\/2025\/04\/image-26.jpeg 800w, https:\/\/mathe123.de\/wp-content\/uploads\/2025\/04\/image-26-300x240.jpeg 300w, https:\/\/mathe123.de\/wp-content\/uploads\/2025\/04\/image-26-768x613.jpeg 768w\" sizes=\"auto, (max-width: 800px) 100vw, 800px\" \/><\/figure>\n\n\n\n<p>Tipp zu a) was bedeutet &#8220;gleichseitig&#8221;? Schreibe den Umfang als Formel hin. Dann erst setze die Werte ein.<\/p>\n\n\n\n<p>Tipp zu b) wenn du dich f\u00fcr eine L\u00f6sung entschieden hast, dann setze in die Aufgabe und deinen L\u00f6sungsterm einen beliebigen x-Wert ein, z.B. x = 0.&nbsp;<\/p>\n\n\n\n<p>Tipp zu c) du brauchst 2 Umformungsschritte. Bei schlau.app kannst du diese \u00fcben mit den Rechenarten x + a = b und a * x = b.<\/p>\n\n\n\n<div class=\"wp-block-columns is-layout-flex wp-container-core-columns-is-layout-28f84493 wp-block-columns-is-layout-flex\">\n<div class=\"wp-block-column is-layout-flow wp-block-column-is-layout-flow\">\n<figure class=\"wp-block-image size-full\"><img loading=\"lazy\" decoding=\"async\" width=\"820\" height=\"817\" src=\"https:\/\/mathe123.de\/wp-content\/uploads\/2025\/04\/schlau-1.png\" alt=\"\" class=\"wp-image-224\" srcset=\"https:\/\/mathe123.de\/wp-content\/uploads\/2025\/04\/schlau-1.png 820w, https:\/\/mathe123.de\/wp-content\/uploads\/2025\/04\/schlau-1-300x300.png 300w, https:\/\/mathe123.de\/wp-content\/uploads\/2025\/04\/schlau-1-150x150.png 150w, https:\/\/mathe123.de\/wp-content\/uploads\/2025\/04\/schlau-1-768x765.png 768w\" sizes=\"auto, (max-width: 820px) 100vw, 820px\" \/><figcaption class=\"wp-element-caption\"><a href=\"https:\/\/schlau.app\/?atype=lin1\">plus-minus-Umstellen mit schlau.app<\/a><\/figcaption><\/figure>\n\n\n\n<p><\/p>\n<\/div>\n\n\n\n<div class=\"wp-block-column is-layout-flow wp-block-column-is-layout-flow\">\n<figure class=\"wp-block-image size-full\"><img loading=\"lazy\" decoding=\"async\" width=\"782\" height=\"781\" src=\"https:\/\/mathe123.de\/wp-content\/uploads\/2025\/04\/schlau_ax_b.png\" alt=\"\" class=\"wp-image-225\" srcset=\"https:\/\/mathe123.de\/wp-content\/uploads\/2025\/04\/schlau_ax_b.png 782w, https:\/\/mathe123.de\/wp-content\/uploads\/2025\/04\/schlau_ax_b-300x300.png 300w, https:\/\/mathe123.de\/wp-content\/uploads\/2025\/04\/schlau_ax_b-150x150.png 150w, https:\/\/mathe123.de\/wp-content\/uploads\/2025\/04\/schlau_ax_b-768x767.png 768w\" sizes=\"auto, (max-width: 782px) 100vw, 782px\" \/><figcaption class=\"wp-element-caption\"><a href=\"https:\/\/schlau.app\/?atype=lin3\">mal-geteilt-Umstellen mit  schlau.app<\/a><\/figcaption><\/figure>\n<\/div>\n<\/div>\n\n\n\n<p><\/p>\n","protected":false},"excerpt":{"rendered":"<p>Es lohnt sich, diese Aufgaben perfekt zu verstehen. d) und e) sind n\u00e4mlich die grundlegenden Umstellungen, die jeder k\u00f6nnen muss, und ein Bonus ist auch dabei: das Distributivgesetz. Tipp zu a) was bedeutet &#8220;gleichseitig&#8221;? Schreibe den Umfang als Formel hin. Dann erst setze die Werte ein. Tipp zu b) wenn du dich f\u00fcr eine L\u00f6sung [&hellip;]<\/p>\n","protected":false},"author":1,"featured_media":0,"parent":0,"menu_order":0,"comment_status":"closed","ping_status":"closed","template":"","meta":{"footnotes":""},"categories":[],"tags":[],"class_list":["post-222","page","type-page","status-publish","hentry"],"blocksy_meta":[],"_links":{"self":[{"href":"https:\/\/mathe123.de\/index.php\/wp-json\/wp\/v2\/pages\/222","targetHints":{"allow":["GET"]}}],"collection":[{"href":"https:\/\/mathe123.de\/index.php\/wp-json\/wp\/v2\/pages"}],"about":[{"href":"https:\/\/mathe123.de\/index.php\/wp-json\/wp\/v2\/types\/page"}],"author":[{"embeddable":true,"href":"https:\/\/mathe123.de\/index.php\/wp-json\/wp\/v2\/users\/1"}],"replies":[{"embeddable":true,"href":"https:\/\/mathe123.de\/index.php\/wp-json\/wp\/v2\/comments?post=222"}],"version-history":[{"count":1,"href":"https:\/\/mathe123.de\/index.php\/wp-json\/wp\/v2\/pages\/222\/revisions"}],"predecessor-version":[{"id":226,"href":"https:\/\/mathe123.de\/index.php\/wp-json\/wp\/v2\/pages\/222\/revisions\/226"}],"wp:attachment":[{"href":"https:\/\/mathe123.de\/index.php\/wp-json\/wp\/v2\/media?parent=222"}],"wp:term":[{"taxonomy":"category","embeddable":true,"href":"https:\/\/mathe123.de\/index.php\/wp-json\/wp\/v2\/categories?post=222"},{"taxonomy":"post_tag","embeddable":true,"href":"https:\/\/mathe123.de\/index.php\/wp-json\/wp\/v2\/tags?post=222"}],"curies":[{"name":"wp","href":"https:\/\/api.w.org\/{rel}","templated":true}]}}