{"id":216,"date":"2025-04-26T10:30:38","date_gmt":"2025-04-26T08:30:38","guid":{"rendered":"https:\/\/mathe123.de\/?page_id=216"},"modified":"2025-04-26T10:30:38","modified_gmt":"2025-04-26T08:30:38","slug":"mathe-snack-25-49-welches-drachen-thema-verbirgt-sich-hinter-dieser-textaufgabe","status":"publish","type":"page","link":"https:\/\/mathe123.de\/index.php\/mathe-snack-25-49-welches-drachen-thema-verbirgt-sich-hinter-dieser-textaufgabe\/","title":{"rendered":"Mathe-Snack 25\/49 Welches Drachen-Thema verbirgt sich hinter dieser Textaufgabe?"},"content":{"rendered":"\n<p>Heute d\u00fcrft ihr ein echtes BBR- Problem.l\u00f6sen, wo ihr erstmal nachdenken m\u00fcsst, was \u00fcberhaupt zu tun ist. Los geht&#8217;s!<\/p>\n\n\n\n<figure class=\"wp-block-image size-full\"><img loading=\"lazy\" decoding=\"async\" width=\"800\" height=\"721\" src=\"https:\/\/mathe123.de\/wp-content\/uploads\/2025\/04\/image-25.jpeg\" alt=\"\" class=\"wp-image-217\" srcset=\"https:\/\/mathe123.de\/wp-content\/uploads\/2025\/04\/image-25.jpeg 800w, https:\/\/mathe123.de\/wp-content\/uploads\/2025\/04\/image-25-300x270.jpeg 300w, https:\/\/mathe123.de\/wp-content\/uploads\/2025\/04\/image-25-768x692.jpeg 768w\" sizes=\"auto, (max-width: 800px) 100vw, 800px\" \/><\/figure>\n\n\n\n<p>H\u00f6re die L\u00f6sungen erst, wenn du es allein nicht sicher konntest.<\/p>\n\n\n\n<figure class=\"wp-block-audio\"><audio controls src=\"https:\/\/mathe123.de\/wp-content\/uploads\/2025\/04\/25-a-zahl-der-schritte.mp3\"><\/audio><figcaption class=\"wp-element-caption\">a) Zahl der Schritter<\/figcaption><\/figure>\n\n\n\n<figure class=\"wp-block-audio\"><audio controls src=\"https:\/\/mathe123.de\/wp-content\/uploads\/2025\/04\/25-b-drachen-hohe.mp3\"><\/audio><figcaption class=\"wp-element-caption\">Drachen-Flugh\u00f6he<\/figcaption><\/figure>\n\n\n\n<p><\/p>\n","protected":false},"excerpt":{"rendered":"<p>Heute d\u00fcrft ihr ein echtes BBR- Problem.l\u00f6sen, wo ihr erstmal nachdenken m\u00fcsst, was \u00fcberhaupt zu tun ist. Los geht&#8217;s! H\u00f6re die L\u00f6sungen erst, wenn du es allein nicht sicher konntest.<\/p>\n","protected":false},"author":1,"featured_media":0,"parent":0,"menu_order":0,"comment_status":"closed","ping_status":"closed","template":"","meta":{"footnotes":""},"categories":[],"tags":[],"class_list":["post-216","page","type-page","status-publish","hentry"],"blocksy_meta":[],"_links":{"self":[{"href":"https:\/\/mathe123.de\/index.php\/wp-json\/wp\/v2\/pages\/216","targetHints":{"allow":["GET"]}}],"collection":[{"href":"https:\/\/mathe123.de\/index.php\/wp-json\/wp\/v2\/pages"}],"about":[{"href":"https:\/\/mathe123.de\/index.php\/wp-json\/wp\/v2\/types\/page"}],"author":[{"embeddable":true,"href":"https:\/\/mathe123.de\/index.php\/wp-json\/wp\/v2\/users\/1"}],"replies":[{"embeddable":true,"href":"https:\/\/mathe123.de\/index.php\/wp-json\/wp\/v2\/comments?post=216"}],"version-history":[{"count":1,"href":"https:\/\/mathe123.de\/index.php\/wp-json\/wp\/v2\/pages\/216\/revisions"}],"predecessor-version":[{"id":220,"href":"https:\/\/mathe123.de\/index.php\/wp-json\/wp\/v2\/pages\/216\/revisions\/220"}],"wp:attachment":[{"href":"https:\/\/mathe123.de\/index.php\/wp-json\/wp\/v2\/media?parent=216"}],"wp:term":[{"taxonomy":"category","embeddable":true,"href":"https:\/\/mathe123.de\/index.php\/wp-json\/wp\/v2\/categories?post=216"},{"taxonomy":"post_tag","embeddable":true,"href":"https:\/\/mathe123.de\/index.php\/wp-json\/wp\/v2\/tags?post=216"}],"curies":[{"name":"wp","href":"https:\/\/api.w.org\/{rel}","templated":true}]}}