{"id":210,"date":"2025-04-26T10:22:59","date_gmt":"2025-04-26T08:22:59","guid":{"rendered":"https:\/\/mathe123.de\/?page_id=210"},"modified":"2025-04-26T10:27:18","modified_gmt":"2025-04-26T08:27:18","slug":"mathe-snack-24-49-und-wieder-ein-glucksrad","status":"publish","type":"page","link":"https:\/\/mathe123.de\/index.php\/mathe-snack-24-49-und-wieder-ein-glucksrad\/","title":{"rendered":"Mathe-Snack 24\/49 Und wieder ein Gl\u00fccksrad!"},"content":{"rendered":"\n<p>Solche Aufgaben hast du schon \u00f6fter gel\u00f6st. Hier ist die Profi-Strategie: denk dir neue Aufgaben aus, spiele die M\u00f6glichkeiten durch<\/p>\n\n\n\n<figure class=\"wp-block-image size-full\"><img loading=\"lazy\" decoding=\"async\" width=\"800\" height=\"782\" src=\"https:\/\/mathe123.de\/wp-content\/uploads\/2025\/04\/image-24.jpeg\" alt=\"\" class=\"wp-image-211\" srcset=\"https:\/\/mathe123.de\/wp-content\/uploads\/2025\/04\/image-24.jpeg 800w, https:\/\/mathe123.de\/wp-content\/uploads\/2025\/04\/image-24-300x293.jpeg 300w, https:\/\/mathe123.de\/wp-content\/uploads\/2025\/04\/image-24-768x751.jpeg 768w\" sizes=\"auto, (max-width: 800px) 100vw, 800px\" \/><\/figure>\n\n\n\n<ul class=\"wp-block-list\">\n<li>So spielst du das durch, dann sind die Fragen total einfach:<\/li>\n<\/ul>\n\n\n\n<ul class=\"wp-block-list\">\n<li>Welche Chancen haben die einzelnen Farben? Gib die Wahrscheinlichkeiten als Bruch, Dezimalzahl und Prozent an. Z.B.<br>p(gelb) = 2\/8 = 1\/4 = 0,25 = 25%<\/li>\n<\/ul>\n\n\n\n<ul class=\"wp-block-list\">\n<li>Geben die Wahrscheinlichkeiten der Farben zusammengez\u00e4hlt den Wert 1 = 100%?<\/li>\n<\/ul>\n\n\n\n<ul class=\"wp-block-list\">\n<li>Welche Farbkombinationen haben dieselbe Wahrscheinlichkeit?<\/li>\n\n\n\n<li>Der Einsatz sei immer 10 \u20ac. Welche Chance ist lukrativer: bei rot 10 \u20ac gewinnen oder bei gr\u00fcn 20 \u20ac ?<\/li>\n<\/ul>\n\n\n\n<p>Verwandte Mathe-Snacks sind <a href=\"https:\/\/mathe123.de\/index.php\/mathe-snack-4-49-umfang-3-korper-glucksrad\/\">Mathe-Snack 4<\/a> und <a href=\"https:\/\/mathe123.de\/index.php\/mathe-snack-15-49-und-noch-eine-glucksrad-aufgabe\/\" data-type=\"page\" data-id=\"169\">Mathe-Snack 15<\/a><\/p>\n\n\n\n<p><\/p>\n","protected":false},"excerpt":{"rendered":"<p>Solche Aufgaben hast du schon \u00f6fter gel\u00f6st. Hier ist die Profi-Strategie: denk dir neue Aufgaben aus, spiele die M\u00f6glichkeiten durch Verwandte Mathe-Snacks sind Mathe-Snack 4 und Mathe-Snack 15<\/p>\n","protected":false},"author":1,"featured_media":0,"parent":0,"menu_order":0,"comment_status":"closed","ping_status":"closed","template":"","meta":{"footnotes":""},"categories":[],"tags":[],"class_list":["post-210","page","type-page","status-publish","hentry"],"blocksy_meta":[],"_links":{"self":[{"href":"https:\/\/mathe123.de\/index.php\/wp-json\/wp\/v2\/pages\/210","targetHints":{"allow":["GET"]}}],"collection":[{"href":"https:\/\/mathe123.de\/index.php\/wp-json\/wp\/v2\/pages"}],"about":[{"href":"https:\/\/mathe123.de\/index.php\/wp-json\/wp\/v2\/types\/page"}],"author":[{"embeddable":true,"href":"https:\/\/mathe123.de\/index.php\/wp-json\/wp\/v2\/users\/1"}],"replies":[{"embeddable":true,"href":"https:\/\/mathe123.de\/index.php\/wp-json\/wp\/v2\/comments?post=210"}],"version-history":[{"count":2,"href":"https:\/\/mathe123.de\/index.php\/wp-json\/wp\/v2\/pages\/210\/revisions"}],"predecessor-version":[{"id":215,"href":"https:\/\/mathe123.de\/index.php\/wp-json\/wp\/v2\/pages\/210\/revisions\/215"}],"wp:attachment":[{"href":"https:\/\/mathe123.de\/index.php\/wp-json\/wp\/v2\/media?parent=210"}],"wp:term":[{"taxonomy":"category","embeddable":true,"href":"https:\/\/mathe123.de\/index.php\/wp-json\/wp\/v2\/categories?post=210"},{"taxonomy":"post_tag","embeddable":true,"href":"https:\/\/mathe123.de\/index.php\/wp-json\/wp\/v2\/tags?post=210"}],"curies":[{"name":"wp","href":"https:\/\/api.w.org\/{rel}","templated":true}]}}