{"id":206,"date":"2025-04-26T10:09:31","date_gmt":"2025-04-26T08:09:31","guid":{"rendered":"https:\/\/mathe123.de\/?page_id=206"},"modified":"2025-04-26T10:09:31","modified_gmt":"2025-04-26T08:09:31","slug":"mathe-snack-23-49-heute-gibt-es-nudeln","status":"publish","type":"page","link":"https:\/\/mathe123.de\/index.php\/mathe-snack-23-49-heute-gibt-es-nudeln\/","title":{"rendered":"Mathe-Snack 23\/49 Heute gibt es Nudeln!"},"content":{"rendered":"\n<p>F\u00fcr die Pr\u00fcfungsvorbereitung: \u00fcberlege, was f\u00fcr ein Aufgabentyp das ist<\/p>\n\n\n\n<figure class=\"wp-block-image size-full\"><img loading=\"lazy\" decoding=\"async\" width=\"800\" height=\"427\" src=\"https:\/\/mathe123.de\/wp-content\/uploads\/2025\/04\/image-23.jpeg\" alt=\"\" class=\"wp-image-207\" srcset=\"https:\/\/mathe123.de\/wp-content\/uploads\/2025\/04\/image-23.jpeg 800w, https:\/\/mathe123.de\/wp-content\/uploads\/2025\/04\/image-23-300x160.jpeg 300w, https:\/\/mathe123.de\/wp-content\/uploads\/2025\/04\/image-23-768x410.jpeg 768w\" sizes=\"auto, (max-width: 800px) 100vw, 800px\" \/><\/figure>\n\n\n\n<p>Teil a) Da musst du nur auf die Packung schauen, so wie du das beim Einkaufen tun w\u00fcrdest, wenn du f\u00fcr eine bestimmte Anzahl Leute kochst<\/p>\n\n\n\n<p>Teil b) Eine einfache Prozentaufgabe. Gegeben ist ein Prozentsatz (genauer: der Rabatt als Prozentsatz). Rauskommen m\u00fcssen also Euro-Betr\u00e4ge. Achtung, halte auseinander:<\/p>\n\n\n\n<ul class=\"wp-block-list\">\n<li>den Rabatt in Euro<\/li>\n\n\n\n<li>den Endpreis<\/li>\n<\/ul>\n\n\n\n<p>Beispiel, nennen wir den Rabatt in Euro r und den Endpreis e, der Rabatt sei 15% = 0,15 dann gilt<\/p>\n\n\n\n<ul class=\"wp-block-list\">\n<li>r = 0,15 \u00b7 Preis<\/li>\n\n\n\n<li>e = 0,85 \u00b7 Preis<\/li>\n<\/ul>\n\n\n\n<p>Mache dir an einem Beispiel (z.B. Preis = 10 \u20ac) klar, dass immer gilt<\/p>\n\n\n\n<ul class=\"wp-block-list\">\n<li>Preis = r + e<\/li>\n<\/ul>\n","protected":false},"excerpt":{"rendered":"<p>F\u00fcr die Pr\u00fcfungsvorbereitung: \u00fcberlege, was f\u00fcr ein Aufgabentyp das ist Teil a) Da musst du nur auf die Packung schauen, so wie du das beim Einkaufen tun w\u00fcrdest, wenn du f\u00fcr eine bestimmte Anzahl Leute kochst Teil b) Eine einfache Prozentaufgabe. Gegeben ist ein Prozentsatz (genauer: der Rabatt als Prozentsatz). Rauskommen m\u00fcssen also Euro-Betr\u00e4ge. Achtung, [&hellip;]<\/p>\n","protected":false},"author":1,"featured_media":0,"parent":0,"menu_order":0,"comment_status":"closed","ping_status":"closed","template":"","meta":{"footnotes":""},"categories":[],"tags":[],"class_list":["post-206","page","type-page","status-publish","hentry"],"blocksy_meta":[],"_links":{"self":[{"href":"https:\/\/mathe123.de\/index.php\/wp-json\/wp\/v2\/pages\/206","targetHints":{"allow":["GET"]}}],"collection":[{"href":"https:\/\/mathe123.de\/index.php\/wp-json\/wp\/v2\/pages"}],"about":[{"href":"https:\/\/mathe123.de\/index.php\/wp-json\/wp\/v2\/types\/page"}],"author":[{"embeddable":true,"href":"https:\/\/mathe123.de\/index.php\/wp-json\/wp\/v2\/users\/1"}],"replies":[{"embeddable":true,"href":"https:\/\/mathe123.de\/index.php\/wp-json\/wp\/v2\/comments?post=206"}],"version-history":[{"count":1,"href":"https:\/\/mathe123.de\/index.php\/wp-json\/wp\/v2\/pages\/206\/revisions"}],"predecessor-version":[{"id":208,"href":"https:\/\/mathe123.de\/index.php\/wp-json\/wp\/v2\/pages\/206\/revisions\/208"}],"wp:attachment":[{"href":"https:\/\/mathe123.de\/index.php\/wp-json\/wp\/v2\/media?parent=206"}],"wp:term":[{"taxonomy":"category","embeddable":true,"href":"https:\/\/mathe123.de\/index.php\/wp-json\/wp\/v2\/categories?post=206"},{"taxonomy":"post_tag","embeddable":true,"href":"https:\/\/mathe123.de\/index.php\/wp-json\/wp\/v2\/tags?post=206"}],"curies":[{"name":"wp","href":"https:\/\/api.w.org\/{rel}","templated":true}]}}