{"id":200,"date":"2025-04-26T08:21:26","date_gmt":"2025-04-26T06:21:26","guid":{"rendered":"https:\/\/mathe123.de\/?page_id=200"},"modified":"2025-04-26T08:22:26","modified_gmt":"2025-04-26T06:22:26","slug":"mathe-snack-22-49-diese-2-punkte-sicher-holen-mit-strategie-ube-die-varianten","status":"publish","type":"page","link":"https:\/\/mathe123.de\/index.php\/mathe-snack-22-49-diese-2-punkte-sicher-holen-mit-strategie-ube-die-varianten\/","title":{"rendered":"Mathe-Snack 22\/49 Diese 2 Punkte sicher holen mit Strategie! \u00dcbe die Varianten!"},"content":{"rendered":"\n<figure class=\"wp-block-image size-full\"><img loading=\"lazy\" decoding=\"async\" width=\"761\" height=\"287\" src=\"https:\/\/mathe123.de\/wp-content\/uploads\/2025\/04\/image-22.jpeg\" alt=\"\" class=\"wp-image-201\" srcset=\"https:\/\/mathe123.de\/wp-content\/uploads\/2025\/04\/image-22.jpeg 761w, https:\/\/mathe123.de\/wp-content\/uploads\/2025\/04\/image-22-300x113.jpeg 300w\" sizes=\"auto, (max-width: 761px) 100vw, 761px\" \/><\/figure>\n\n\n\n<p>Diese Aufgabe sieht leicht aus, aber dennoch wird hier \u00f6fter ein Punkt verschenkt. Geh auf Nummer sicher und l\u00f6se die Aufgabe mit folgenden Zahlenpaaren<\/p>\n\n\n\n<ul class=\"wp-block-list\">\n<li>-0,25 \u00a0| -0.35<\/li>\n\n\n\n<li>-3 | 2,4<\/li>\n\n\n\n<li>-2200 | 220<\/li>\n\n\n\n<li>-1\/3 | -0,3<\/li>\n\n\n\n<li>-1\/3 | -0,33<\/li>\n\n\n\n<li>-1\/3 | -0,34<\/li>\n\n\n\n<li>1\/3 | 3\/10<\/li>\n\n\n\n<li>25\/2 | 15<\/li>\n\n\n\n<li>3\/4 | 4\/5<\/li>\n\n\n\n<li>6\/7 | 7\/6<\/li>\n\n\n\n<li>-8\/9 | 9\/10<\/li>\n<\/ul>\n\n\n\n<p>Du solltest alle Aufgaben ohne Taschenrechner l\u00f6sen k\u00f6nnen. Zur Kontrolle kannst du ja immer noch den Taschenrechner nehmen.<\/p>\n\n\n\n<p><\/p>\n","protected":false},"excerpt":{"rendered":"<p>Diese Aufgabe sieht leicht aus, aber dennoch wird hier \u00f6fter ein Punkt verschenkt. Geh auf Nummer sicher und l\u00f6se die Aufgabe mit folgenden Zahlenpaaren Du solltest alle Aufgaben ohne Taschenrechner l\u00f6sen k\u00f6nnen. Zur Kontrolle kannst du ja immer noch den Taschenrechner nehmen.<\/p>\n","protected":false},"author":1,"featured_media":0,"parent":0,"menu_order":0,"comment_status":"closed","ping_status":"closed","template":"","meta":{"footnotes":""},"categories":[],"tags":[],"class_list":["post-200","page","type-page","status-publish","hentry"],"blocksy_meta":[],"_links":{"self":[{"href":"https:\/\/mathe123.de\/index.php\/wp-json\/wp\/v2\/pages\/200","targetHints":{"allow":["GET"]}}],"collection":[{"href":"https:\/\/mathe123.de\/index.php\/wp-json\/wp\/v2\/pages"}],"about":[{"href":"https:\/\/mathe123.de\/index.php\/wp-json\/wp\/v2\/types\/page"}],"author":[{"embeddable":true,"href":"https:\/\/mathe123.de\/index.php\/wp-json\/wp\/v2\/users\/1"}],"replies":[{"embeddable":true,"href":"https:\/\/mathe123.de\/index.php\/wp-json\/wp\/v2\/comments?post=200"}],"version-history":[{"count":2,"href":"https:\/\/mathe123.de\/index.php\/wp-json\/wp\/v2\/pages\/200\/revisions"}],"predecessor-version":[{"id":203,"href":"https:\/\/mathe123.de\/index.php\/wp-json\/wp\/v2\/pages\/200\/revisions\/203"}],"wp:attachment":[{"href":"https:\/\/mathe123.de\/index.php\/wp-json\/wp\/v2\/media?parent=200"}],"wp:term":[{"taxonomy":"category","embeddable":true,"href":"https:\/\/mathe123.de\/index.php\/wp-json\/wp\/v2\/categories?post=200"},{"taxonomy":"post_tag","embeddable":true,"href":"https:\/\/mathe123.de\/index.php\/wp-json\/wp\/v2\/tags?post=200"}],"curies":[{"name":"wp","href":"https:\/\/api.w.org\/{rel}","templated":true}]}}