{"id":194,"date":"2025-04-26T08:16:24","date_gmt":"2025-04-26T06:16:24","guid":{"rendered":"https:\/\/mathe123.de\/?page_id=194"},"modified":"2025-04-26T08:16:24","modified_gmt":"2025-04-26T06:16:24","slug":"mathe-snack-21-49-typische-baumdigramm-probleme","status":"publish","type":"page","link":"https:\/\/mathe123.de\/index.php\/mathe-snack-21-49-typische-baumdigramm-probleme\/","title":{"rendered":"Mathe-Snack 21\/49 Typische Baumdigramm-Probleme"},"content":{"rendered":"\n<p>Diese Aufgabe kannst du voll und ganz beherrschen und sie bringt immerhin 7 Punkte! H\u00f6re dir die L\u00f6sungen nur an, wenn du wirklich nicht weiterwei\u00dft!<\/p>\n\n\n\n<figure class=\"wp-block-image size-full\"><img loading=\"lazy\" decoding=\"async\" width=\"661\" height=\"800\" src=\"https:\/\/mathe123.de\/wp-content\/uploads\/2025\/04\/image-21.jpeg\" alt=\"\" class=\"wp-image-195\" srcset=\"https:\/\/mathe123.de\/wp-content\/uploads\/2025\/04\/image-21.jpeg 661w, https:\/\/mathe123.de\/wp-content\/uploads\/2025\/04\/image-21-248x300.jpeg 248w\" sizes=\"auto, (max-width: 661px) 100vw, 661px\" \/><\/figure>\n\n\n\n<figure class=\"wp-block-audio\"><audio controls src=\"https:\/\/mathe123.de\/wp-content\/uploads\/2025\/04\/21-1-baumdiagramm-b-nach-blau.mp3\"><\/audio><figcaption class=\"wp-element-caption\">Baumdiagramm b) &#8220;nach blau&#8221;<\/figcaption><\/figure>\n\n\n\n<figure class=\"wp-block-audio\"><audio controls src=\"https:\/\/mathe123.de\/wp-content\/uploads\/2025\/04\/21-2-baumdiagramm-rot-ziehen.mp3\"><\/audio><figcaption class=\"wp-element-caption\">Baumdiagramm &#8220;rot ziehen&#8221;<\/figcaption><\/figure>\n\n\n\n<figure class=\"wp-block-audio\"><audio controls src=\"https:\/\/mathe123.de\/wp-content\/uploads\/2025\/04\/21-3-zweimal-gelb.mp3\"><\/audio><figcaption class=\"wp-element-caption\">Baumdiagramm &#8220;zweimal gelb&#8221;<\/figcaption><\/figure>\n","protected":false},"excerpt":{"rendered":"<p>Diese Aufgabe kannst du voll und ganz beherrschen und sie bringt immerhin 7 Punkte! H\u00f6re dir die L\u00f6sungen nur an, wenn du wirklich nicht weiterwei\u00dft!<\/p>\n","protected":false},"author":1,"featured_media":0,"parent":0,"menu_order":0,"comment_status":"closed","ping_status":"closed","template":"","meta":{"footnotes":""},"categories":[],"tags":[],"class_list":["post-194","page","type-page","status-publish","hentry"],"blocksy_meta":[],"_links":{"self":[{"href":"https:\/\/mathe123.de\/index.php\/wp-json\/wp\/v2\/pages\/194","targetHints":{"allow":["GET"]}}],"collection":[{"href":"https:\/\/mathe123.de\/index.php\/wp-json\/wp\/v2\/pages"}],"about":[{"href":"https:\/\/mathe123.de\/index.php\/wp-json\/wp\/v2\/types\/page"}],"author":[{"embeddable":true,"href":"https:\/\/mathe123.de\/index.php\/wp-json\/wp\/v2\/users\/1"}],"replies":[{"embeddable":true,"href":"https:\/\/mathe123.de\/index.php\/wp-json\/wp\/v2\/comments?post=194"}],"version-history":[{"count":1,"href":"https:\/\/mathe123.de\/index.php\/wp-json\/wp\/v2\/pages\/194\/revisions"}],"predecessor-version":[{"id":199,"href":"https:\/\/mathe123.de\/index.php\/wp-json\/wp\/v2\/pages\/194\/revisions\/199"}],"wp:attachment":[{"href":"https:\/\/mathe123.de\/index.php\/wp-json\/wp\/v2\/media?parent=194"}],"wp:term":[{"taxonomy":"category","embeddable":true,"href":"https:\/\/mathe123.de\/index.php\/wp-json\/wp\/v2\/categories?post=194"},{"taxonomy":"post_tag","embeddable":true,"href":"https:\/\/mathe123.de\/index.php\/wp-json\/wp\/v2\/tags?post=194"}],"curies":[{"name":"wp","href":"https:\/\/api.w.org\/{rel}","templated":true}]}}