{"id":181,"date":"2025-04-26T08:01:53","date_gmt":"2025-04-26T06:01:53","guid":{"rendered":"https:\/\/mathe123.de\/?page_id=181"},"modified":"2025-05-06T17:34:48","modified_gmt":"2025-05-06T15:34:48","slug":"mathe-snack-18-49-toller-punkte-bringer-sachverhalte-sprachlich-und-in-diagrammen-ausdrucken","status":"publish","type":"page","link":"https:\/\/mathe123.de\/index.php\/mathe-snack-18-49-toller-punkte-bringer-sachverhalte-sprachlich-und-in-diagrammen-ausdrucken\/","title":{"rendered":"Mathe-Snack 18\/49 Sachverhalte in Diagrammen ausdr\u00fccken"},"content":{"rendered":"\n<p>Bei dieser Aufgabe musst du nicht rechnen sondern nur genau hinschauen und den Inhalt von S\u00e4tzen verstehen. Eine sochen Aufgabe kann deine BBR-Pr\u00fcfung retten: es gibt 7 Punkte, ohne, dass du irgendetwas rechnen musst. \u00dcbe das Formulieren von Aussagen. Sprich die S\u00e4tze wirklich aus! Zusatzfragen k\u00f6nnten sein:<\/p>\n\n\n\n<ul class=\"wp-block-list\">\n<li>Wie viele Sch\u00fcler sind in den Sommermonaten geboren?<\/li>\n\n\n\n<li>In welchem Monat wurden die meisten geboren?<\/li>\n<\/ul>\n\n\n\n<p>Spiel damit. \u00dcbe mit deinen Eltern weitere Aufgaben und Fragen<\/p>\n\n\n\n<figure class=\"wp-block-image size-full\"><img loading=\"lazy\" decoding=\"async\" width=\"613\" height=\"800\" src=\"https:\/\/mathe123.de\/wp-content\/uploads\/2025\/04\/image-18.jpeg\" alt=\"\" class=\"wp-image-182\" srcset=\"https:\/\/mathe123.de\/wp-content\/uploads\/2025\/04\/image-18.jpeg 613w, https:\/\/mathe123.de\/wp-content\/uploads\/2025\/04\/image-18-230x300.jpeg 230w\" sizes=\"auto, (max-width: 613px) 100vw, 613px\" \/><\/figure>\n\n\n\n<p><\/p>\n","protected":false},"excerpt":{"rendered":"<p>Bei dieser Aufgabe musst du nicht rechnen sondern nur genau hinschauen und den Inhalt von S\u00e4tzen verstehen. Eine sochen Aufgabe kann deine BBR-Pr\u00fcfung retten: es gibt 7 Punkte, ohne, dass du irgendetwas rechnen musst. \u00dcbe das Formulieren von Aussagen. Sprich die S\u00e4tze wirklich aus! Zusatzfragen k\u00f6nnten sein: Spiel damit. \u00dcbe mit deinen Eltern weitere Aufgaben [&hellip;]<\/p>\n","protected":false},"author":1,"featured_media":0,"parent":0,"menu_order":0,"comment_status":"closed","ping_status":"closed","template":"","meta":{"footnotes":""},"categories":[],"tags":[],"class_list":["post-181","page","type-page","status-publish","hentry"],"blocksy_meta":[],"_links":{"self":[{"href":"https:\/\/mathe123.de\/index.php\/wp-json\/wp\/v2\/pages\/181","targetHints":{"allow":["GET"]}}],"collection":[{"href":"https:\/\/mathe123.de\/index.php\/wp-json\/wp\/v2\/pages"}],"about":[{"href":"https:\/\/mathe123.de\/index.php\/wp-json\/wp\/v2\/types\/page"}],"author":[{"embeddable":true,"href":"https:\/\/mathe123.de\/index.php\/wp-json\/wp\/v2\/users\/1"}],"replies":[{"embeddable":true,"href":"https:\/\/mathe123.de\/index.php\/wp-json\/wp\/v2\/comments?post=181"}],"version-history":[{"count":2,"href":"https:\/\/mathe123.de\/index.php\/wp-json\/wp\/v2\/pages\/181\/revisions"}],"predecessor-version":[{"id":381,"href":"https:\/\/mathe123.de\/index.php\/wp-json\/wp\/v2\/pages\/181\/revisions\/381"}],"wp:attachment":[{"href":"https:\/\/mathe123.de\/index.php\/wp-json\/wp\/v2\/media?parent=181"}],"wp:term":[{"taxonomy":"category","embeddable":true,"href":"https:\/\/mathe123.de\/index.php\/wp-json\/wp\/v2\/categories?post=181"},{"taxonomy":"post_tag","embeddable":true,"href":"https:\/\/mathe123.de\/index.php\/wp-json\/wp\/v2\/tags?post=181"}],"curies":[{"name":"wp","href":"https:\/\/api.w.org\/{rel}","templated":true}]}}