{"id":145,"date":"2025-04-26T05:53:01","date_gmt":"2025-04-26T03:53:01","guid":{"rendered":"https:\/\/mathe123.de\/?page_id=145"},"modified":"2025-04-26T05:53:01","modified_gmt":"2025-04-26T03:53:01","slug":"mathe-snack-10-49-langen-und-flachenmase-durchdenken-und-uben","status":"publish","type":"page","link":"https:\/\/mathe123.de\/index.php\/mathe-snack-10-49-langen-und-flachenmase-durchdenken-und-uben\/","title":{"rendered":"Mathe-Snack 10\/49 L\u00e4ngen- und Fl\u00e4chenma\u00dfe durchdenken und \u00fcben"},"content":{"rendered":"\n<p>Tipp des Tages: dieses Video. Es sind Pausen darin, wo ihr Antworten selbst finden k\u00f6nnt. Auf Pause dr\u00fccken! Fragen dieser Art kommen in praktisch jeder BBR-Pr\u00fcfung vor. Unten noch ein Video, wo es um Potenzen und L\u00e4ngen-, Fl\u00e4chen- und Volumeneinheiten geht.<\/p>\n\n\n\n<figure class=\"wp-block-embed is-type-video is-provider-youtube wp-block-embed-youtube wp-embed-aspect-16-9 wp-has-aspect-ratio\"><div class=\"wp-block-embed__wrapper\">\n<iframe loading=\"lazy\" title=\"Mit Potenzen rechnen: Fl\u00e4chen und Fl\u00e4cheneinheiten, Quadrat und Rechteck, in Quadratzentimeter\" width=\"1290\" height=\"726\" src=\"https:\/\/www.youtube.com\/embed\/rWbZPAi8SWQ?feature=oembed\" frameborder=\"0\" allow=\"accelerometer; autoplay; clipboard-write; encrypted-media; gyroscope; picture-in-picture; web-share\" referrerpolicy=\"strict-origin-when-cross-origin\" allowfullscreen><\/iframe>\n<\/div><\/figure>\n\n\n\n<figure class=\"wp-block-embed is-type-video is-provider-youtube wp-block-embed-youtube wp-embed-aspect-4-3 wp-has-aspect-ratio\"><div class=\"wp-block-embed__wrapper\">\n<iframe loading=\"lazy\" title=\"L\u00e4ngen-, Fl\u00e4chen- u. Raumma\u00dfe - km, m, dm, cm: besserer Durchblick und leichter rechnen mit Potenzen\" width=\"1290\" height=\"968\" src=\"https:\/\/www.youtube.com\/embed\/tjbD88T2ke4?feature=oembed\" frameborder=\"0\" allow=\"accelerometer; autoplay; clipboard-write; encrypted-media; gyroscope; picture-in-picture; web-share\" referrerpolicy=\"strict-origin-when-cross-origin\" allowfullscreen><\/iframe>\n<\/div><\/figure>\n","protected":false},"excerpt":{"rendered":"<p>Tipp des Tages: dieses Video. Es sind Pausen darin, wo ihr Antworten selbst finden k\u00f6nnt. Auf Pause dr\u00fccken! Fragen dieser Art kommen in praktisch jeder BBR-Pr\u00fcfung vor. Unten noch ein Video, wo es um Potenzen und L\u00e4ngen-, Fl\u00e4chen- und Volumeneinheiten geht.<\/p>\n","protected":false},"author":1,"featured_media":0,"parent":0,"menu_order":0,"comment_status":"closed","ping_status":"closed","template":"","meta":{"footnotes":""},"categories":[],"tags":[],"class_list":["post-145","page","type-page","status-publish","hentry"],"blocksy_meta":[],"_links":{"self":[{"href":"https:\/\/mathe123.de\/index.php\/wp-json\/wp\/v2\/pages\/145","targetHints":{"allow":["GET"]}}],"collection":[{"href":"https:\/\/mathe123.de\/index.php\/wp-json\/wp\/v2\/pages"}],"about":[{"href":"https:\/\/mathe123.de\/index.php\/wp-json\/wp\/v2\/types\/page"}],"author":[{"embeddable":true,"href":"https:\/\/mathe123.de\/index.php\/wp-json\/wp\/v2\/users\/1"}],"replies":[{"embeddable":true,"href":"https:\/\/mathe123.de\/index.php\/wp-json\/wp\/v2\/comments?post=145"}],"version-history":[{"count":1,"href":"https:\/\/mathe123.de\/index.php\/wp-json\/wp\/v2\/pages\/145\/revisions"}],"predecessor-version":[{"id":146,"href":"https:\/\/mathe123.de\/index.php\/wp-json\/wp\/v2\/pages\/145\/revisions\/146"}],"wp:attachment":[{"href":"https:\/\/mathe123.de\/index.php\/wp-json\/wp\/v2\/media?parent=145"}],"wp:term":[{"taxonomy":"category","embeddable":true,"href":"https:\/\/mathe123.de\/index.php\/wp-json\/wp\/v2\/categories?post=145"},{"taxonomy":"post_tag","embeddable":true,"href":"https:\/\/mathe123.de\/index.php\/wp-json\/wp\/v2\/tags?post=145"}],"curies":[{"name":"wp","href":"https:\/\/api.w.org\/{rel}","templated":true}]}}