{"id":127,"date":"2025-04-26T05:00:22","date_gmt":"2025-04-26T03:00:22","guid":{"rendered":"https:\/\/mathe123.de\/?page_id=127"},"modified":"2025-04-26T05:00:22","modified_gmt":"2025-04-26T03:00:22","slug":"mathe-snack-6-49-rund-um-den-kreis","status":"publish","type":"page","link":"https:\/\/mathe123.de\/index.php\/mathe-snack-6-49-rund-um-den-kreis\/","title":{"rendered":"Mathe-Snack 6\/49 &#8211; Rund um den Kreis"},"content":{"rendered":"\n<p>Hier m\u00fcsst ihr euer Wissen \u00fcber den Kreis aufpolieren. Dazu einige Tipps zum Verst\u00e4ndnis, s.u., macht das, dann hab ihr mehr davon als nur mit Ankreuzen.<\/p>\n\n\n\n<figure class=\"wp-block-image size-full\"><img loading=\"lazy\" decoding=\"async\" width=\"800\" height=\"380\" src=\"https:\/\/mathe123.de\/wp-content\/uploads\/2025\/04\/image-6.jpeg\" alt=\"\" class=\"wp-image-128\" srcset=\"https:\/\/mathe123.de\/wp-content\/uploads\/2025\/04\/image-6.jpeg 800w, https:\/\/mathe123.de\/wp-content\/uploads\/2025\/04\/image-6-300x143.jpeg 300w, https:\/\/mathe123.de\/wp-content\/uploads\/2025\/04\/image-6-768x365.jpeg 768w\" sizes=\"auto, (max-width: 800px) 100vw, 800px\" \/><\/figure>\n\n\n\n<p>\u00dcberlege kreativ, wie du dein Wissen sicherst:<\/p>\n\n\n\n<ul class=\"wp-block-list\">\n<li>Es gibt nur 2 Formeln, Umfang und Fl\u00e4che. Schau in der Formelsammlung nach oder sonst wo.<\/li>\n\n\n\n<li>Nat\u00fcrlich wei\u00df du dann auch die L\u00e4nge eines Halbkreise und die Fl\u00e4che einer halben Kreisscheibe!<\/li>\n\n\n\n<li>Welche Aufgaben sind m\u00f6glich? Z.B. Radius gegeben, Fl\u00e4che gesucht oder umgekehrt (!), z.B. Radius gegeben, Umfang gesucht oder umgekehrt (!). Das wars schon.<\/li>\n<\/ul>\n\n\n\n<p>Unter <a href=\"https:\/\/mathe-bbr-msa.app\/?task=1127\">mathe-bbr-msa.app<\/a> findest du die Fakten zum Kreis. z.B. hier: <a href=\"https:\/\/mathe-bbr-msa.app\/?task=1127\">Radius, Durchmesser<\/a><\/p>\n\n\n\n<figure class=\"wp-block-image size-large\"><img loading=\"lazy\" decoding=\"async\" width=\"1024\" height=\"755\" src=\"https:\/\/mathe123.de\/wp-content\/uploads\/2025\/04\/image-3-1024x755.png\" alt=\"\" class=\"wp-image-129\" srcset=\"https:\/\/mathe123.de\/wp-content\/uploads\/2025\/04\/image-3-1024x755.png 1024w, https:\/\/mathe123.de\/wp-content\/uploads\/2025\/04\/image-3-300x221.png 300w, https:\/\/mathe123.de\/wp-content\/uploads\/2025\/04\/image-3-768x567.png 768w, https:\/\/mathe123.de\/wp-content\/uploads\/2025\/04\/image-3.png 1064w\" sizes=\"auto, (max-width: 1024px) 100vw, 1024px\" \/><\/figure>\n","protected":false},"excerpt":{"rendered":"<p>Hier m\u00fcsst ihr euer Wissen \u00fcber den Kreis aufpolieren. Dazu einige Tipps zum Verst\u00e4ndnis, s.u., macht das, dann hab ihr mehr davon als nur mit Ankreuzen. \u00dcberlege kreativ, wie du dein Wissen sicherst: Unter mathe-bbr-msa.app findest du die Fakten zum Kreis. z.B. hier: Radius, Durchmesser<\/p>\n","protected":false},"author":1,"featured_media":0,"parent":0,"menu_order":0,"comment_status":"closed","ping_status":"closed","template":"","meta":{"footnotes":""},"categories":[],"tags":[],"class_list":["post-127","page","type-page","status-publish","hentry"],"blocksy_meta":[],"_links":{"self":[{"href":"https:\/\/mathe123.de\/index.php\/wp-json\/wp\/v2\/pages\/127","targetHints":{"allow":["GET"]}}],"collection":[{"href":"https:\/\/mathe123.de\/index.php\/wp-json\/wp\/v2\/pages"}],"about":[{"href":"https:\/\/mathe123.de\/index.php\/wp-json\/wp\/v2\/types\/page"}],"author":[{"embeddable":true,"href":"https:\/\/mathe123.de\/index.php\/wp-json\/wp\/v2\/users\/1"}],"replies":[{"embeddable":true,"href":"https:\/\/mathe123.de\/index.php\/wp-json\/wp\/v2\/comments?post=127"}],"version-history":[{"count":1,"href":"https:\/\/mathe123.de\/index.php\/wp-json\/wp\/v2\/pages\/127\/revisions"}],"predecessor-version":[{"id":130,"href":"https:\/\/mathe123.de\/index.php\/wp-json\/wp\/v2\/pages\/127\/revisions\/130"}],"wp:attachment":[{"href":"https:\/\/mathe123.de\/index.php\/wp-json\/wp\/v2\/media?parent=127"}],"wp:term":[{"taxonomy":"category","embeddable":true,"href":"https:\/\/mathe123.de\/index.php\/wp-json\/wp\/v2\/categories?post=127"},{"taxonomy":"post_tag","embeddable":true,"href":"https:\/\/mathe123.de\/index.php\/wp-json\/wp\/v2\/tags?post=127"}],"curies":[{"name":"wp","href":"https:\/\/api.w.org\/{rel}","templated":true}]}}